{"id":1019,"date":"2025-05-22T17:17:57","date_gmt":"2025-05-22T15:17:57","guid":{"rendered":"https:\/\/collectiveq.pl\/produkt\/zimowa-gwiazdka-2\/"},"modified":"2025-05-22T17:18:16","modified_gmt":"2025-05-22T15:18:16","slug":"zimowa-gwiazdka-2","status":"publish","type":"product","link":"https:\/\/collectiveq.pl\/en\/product\/zimowa-gwiazdka-2\/","title":{"rendered":"Winter Star"},"content":{"rendered":"<p>White porcelain star necklace with aquamarine and lapis lazuli. Aquamarine resembles ice particles on a frosty morning and lapis lazuli resembles the night sky.<\/p>\n<ul>\n<li><strong>Material:<\/strong> white porcelain, sterling silver plated with 24K gold, lapis lazuli, aquamarine<\/li>\n<li><strong>Bead length:<\/strong> 43 cm<\/li>\n<li><strong>Pendant size:<\/strong>\u00a01.2 cm<\/li>\n<\/ul>","protected":false},"excerpt":{"rendered":"<p>Naszyjnik gwiazda z bia\u0142ej porcelany z akwamarynem i lapisam lazuli. Akwamaryn przypomina drobinki lodu w mro\u017any poranek a lapis lazuli nocne niebo. Materia\u0142: bia\u0142a porcelana, srebro pr\u00f3by 925 poz\u0142acane 24-karatowym z\u0142otem, lapis lazuli, akwamaryn D\u0142ugo\u015b\u0107 korali: 43 cm Wielko\u015b\u0107 zawieszki:\u00a01,2 cm<\/p>","protected":false},"featured_media":675,"comment_status":"open","ping_status":"closed","template":"","meta":[],"product_brand":[],"product_cat":[80,92,170,96],"product_tag":[],"class_list":{"0":"post-1019","1":"product","2":"type-product","3":"status-publish","4":"has-post-thumbnail","6":"product_cat-akcesoria","7":"product_cat-bizuteria-akcesoria","8":"product_cat-kobiety","9":"product_cat-naszyjniki","11":"first","12":"instock","13":"taxable","14":"shipping-taxable","15":"purchasable","16":"product-type-simple"},"acf":[],"_links":{"self":[{"href":"https:\/\/collectiveq.pl\/en\/wp-json\/wp\/v2\/product\/1019","targetHints":{"allow":["GET"]}}],"collection":[{"href":"https:\/\/collectiveq.pl\/en\/wp-json\/wp\/v2\/product"}],"about":[{"href":"https:\/\/collectiveq.pl\/en\/wp-json\/wp\/v2\/types\/product"}],"replies":[{"embeddable":true,"href":"https:\/\/collectiveq.pl\/en\/wp-json\/wp\/v2\/comments?post=1019"}],"wp:featuredmedia":[{"embeddable":true,"href":"https:\/\/collectiveq.pl\/en\/wp-json\/wp\/v2\/media\/675"}],"wp:attachment":[{"href":"https:\/\/collectiveq.pl\/en\/wp-json\/wp\/v2\/media?parent=1019"}],"wp:term":[{"taxonomy":"product_brand","embeddable":true,"href":"https:\/\/collectiveq.pl\/en\/wp-json\/wp\/v2\/product_brand?post=1019"},{"taxonomy":"product_cat","embeddable":true,"href":"https:\/\/collectiveq.pl\/en\/wp-json\/wp\/v2\/product_cat?post=1019"},{"taxonomy":"product_tag","embeddable":true,"href":"https:\/\/collectiveq.pl\/en\/wp-json\/wp\/v2\/product_tag?post=1019"}],"curies":[{"name":"wp","href":"https:\/\/api.w.org\/{rel}","templated":true}]}}