{"id":1060,"date":"2025-08-31T11:47:06","date_gmt":"2025-08-31T09:47:06","guid":{"rendered":"https:\/\/collectiveq.pl\/?post_type=product&#038;p=1060"},"modified":"2025-08-31T11:47:16","modified_gmt":"2025-08-31T09:47:16","slug":"cieniowany-wazon-vintage-bordo","status":"publish","type":"product","link":"https:\/\/collectiveq.pl\/en\/product\/cieniowany-wazon-vintage-bordo\/","title":{"rendered":"Shaded vintage maroon vase"},"content":{"rendered":"<p>Shaded vintage vase - Tarnowiec Glassworks, 1970s\/80s.<br \/>\nA unique vintage vase from the 1970s\/80s, manufactured at the renowned Tarnowiec Glassworks. It catches the eye with an unusual shading effect in a deep maroon shade, which smoothly transitions from an intense hue to softer tones.<\/p>\n<p>Additional charm is added by stylish decorations on the sides resembling bows - a subtle detail that distinguishes this piece from other glassware from the communist era.<\/p>\n<p>This decorative vase is not only a beautiful accent for retro, boho or eclectic style interiors, but also a collector's specimen with the soul of a bygone era.<\/p>\n<p>This is a vintage item, which means that it may bear normal signs of use due to the passage of time. These are natural for this type of item and add to its unique character.<\/p>","protected":false},"excerpt":{"rendered":"<p>Cieniowany wazon vintage \u2013 Huta Szk\u0142a Tarnowiec, lata 70.\/80. Unikatowy wazon vintage z lat 70.\/80., wyprodukowany w renomowanej Hucie Szk\u0142a Tarnowiec. Przyci\u0105ga wzrok niebanalnym efektem cieniowania w g\u0142\u0119bokim odcieniu bordo, kt\u00f3ry p\u0142ynnie przechodzi od intensywnej barwy ku delikatniejszym tonom. Dodatkowego uroku dodaj\u0105 stylowe zdobienia po bokach przypominaj\u0105ce kokardy \u2013 subtelny detal, kt\u00f3ry wyr\u00f3\u017cnia ten egzemplarz [&hellip;]<\/p>","protected":false},"featured_media":1062,"comment_status":"open","ping_status":"closed","template":"","meta":[],"product_brand":[],"product_cat":[115],"product_tag":[402,401,403,400],"class_list":{"0":"post-1060","1":"product","2":"type-product","3":"status-publish","4":"has-post-thumbnail","6":"product_cat-wazony","7":"product_tag-prl","8":"product_tag-szklo","9":"product_tag-vintage","10":"product_tag-wazon","12":"first","13":"instock","14":"sold-individually","15":"purchasable","16":"product-type-simple"},"acf":[],"_links":{"self":[{"href":"https:\/\/collectiveq.pl\/en\/wp-json\/wp\/v2\/product\/1060","targetHints":{"allow":["GET"]}}],"collection":[{"href":"https:\/\/collectiveq.pl\/en\/wp-json\/wp\/v2\/product"}],"about":[{"href":"https:\/\/collectiveq.pl\/en\/wp-json\/wp\/v2\/types\/product"}],"replies":[{"embeddable":true,"href":"https:\/\/collectiveq.pl\/en\/wp-json\/wp\/v2\/comments?post=1060"}],"wp:featuredmedia":[{"embeddable":true,"href":"https:\/\/collectiveq.pl\/en\/wp-json\/wp\/v2\/media\/1062"}],"wp:attachment":[{"href":"https:\/\/collectiveq.pl\/en\/wp-json\/wp\/v2\/media?parent=1060"}],"wp:term":[{"taxonomy":"product_brand","embeddable":true,"href":"https:\/\/collectiveq.pl\/en\/wp-json\/wp\/v2\/product_brand?post=1060"},{"taxonomy":"product_cat","embeddable":true,"href":"https:\/\/collectiveq.pl\/en\/wp-json\/wp\/v2\/product_cat?post=1060"},{"taxonomy":"product_tag","embeddable":true,"href":"https:\/\/collectiveq.pl\/en\/wp-json\/wp\/v2\/product_tag?post=1060"}],"curies":[{"name":"wp","href":"https:\/\/api.w.org\/{rel}","templated":true}]}}