{"id":1064,"date":"2025-08-31T11:46:34","date_gmt":"2025-08-31T09:46:34","guid":{"rendered":"https:\/\/collectiveq.pl\/?post_type=product&#038;p=1064"},"modified":"2025-08-31T11:46:34","modified_gmt":"2025-08-31T09:46:34","slug":"szklany-koszyk-vintage-cytrynowy","status":"publish","type":"product","link":"https:\/\/collectiveq.pl\/en\/product\/szklany-koszyk-vintage-cytrynowy\/","title":{"rendered":"Vintage lemon glass basket"},"content":{"rendered":"<p>Vintage glass basket from the 1970s - Krakow Glass Institute<br \/>\nA unique basket of tinted glass, produced in the 1970s at the Krakow Glass Institute - a respected workshop famous for its artistic approach to form and color.<\/p>\n<p>It is distinguished by its beautiful hand-molded handle and subtle color transitions - from juicy yellow to delicate green, creating an effect reminiscent of uranium glass, though without the uranium content. This is an exceptional example of Polish utility design from the communist era, combining functionality with decorative character.<\/p>\n<p>The basket will work great as a fruit bowl, a decorative table piece or a collectible showpiece.<\/p>\n<p>Product Features:<br \/>\nOriginal product from the Cracow Glass Institute<\/p>\n<p>Years of production: 1970-1979<\/p>\n<p>Color: Yellow-green, transparent<\/p>\n<p>Material: colored glass, hand-formed<\/p>\n<p>Style: Vintage \/ retro \/ PRL<\/p>\n<p>Condition: very good, no damage<\/p>\n<p>Use: Bowl, decorative basket, collector's accessory<\/p>\n<p>This is a vintage item, which means that it may bear normal signs of use due to the passage of time. These are natural for this type of item and add to its unique character.<\/p>\n<p>&nbsp;<\/p>","protected":false},"excerpt":{"rendered":"<p>Szklany koszyk vintage z lat 70. \u2013 Krakowski Instytut Szk\u0142a Unikatowy koszyk z barwionego szk\u0142a, wyprodukowany w latach 70. w Krakowskim Instytucie Szk\u0142a \u2013 cenionej pracowni s\u0142yn\u0105cej z artystycznego podej\u015bcia do form i koloru. Wyr\u00f3\u017cnia si\u0119 pi\u0119knym, r\u0119cznie formowanym uchwytem oraz subtelnym przej\u015bciem kolor\u00f3w \u2013 od soczystej \u017c\u00f3\u0142ci po delikatn\u0105 ziele\u0144, tworz\u0105c efekt przypominaj\u0105cy szk\u0142o [&hellip;]<\/p>","protected":false},"featured_media":1071,"comment_status":"open","ping_status":"closed","template":"","meta":[],"product_brand":[],"product_cat":[115],"product_tag":[402,401,403,400],"class_list":{"0":"post-1064","1":"product","2":"type-product","3":"status-publish","4":"has-post-thumbnail","6":"product_cat-wazony","7":"product_tag-prl","8":"product_tag-szklo","9":"product_tag-vintage","10":"product_tag-wazon","12":"first","13":"instock","14":"sold-individually","15":"purchasable","16":"product-type-simple"},"acf":[],"_links":{"self":[{"href":"https:\/\/collectiveq.pl\/en\/wp-json\/wp\/v2\/product\/1064","targetHints":{"allow":["GET"]}}],"collection":[{"href":"https:\/\/collectiveq.pl\/en\/wp-json\/wp\/v2\/product"}],"about":[{"href":"https:\/\/collectiveq.pl\/en\/wp-json\/wp\/v2\/types\/product"}],"replies":[{"embeddable":true,"href":"https:\/\/collectiveq.pl\/en\/wp-json\/wp\/v2\/comments?post=1064"}],"wp:featuredmedia":[{"embeddable":true,"href":"https:\/\/collectiveq.pl\/en\/wp-json\/wp\/v2\/media\/1071"}],"wp:attachment":[{"href":"https:\/\/collectiveq.pl\/en\/wp-json\/wp\/v2\/media?parent=1064"}],"wp:term":[{"taxonomy":"product_brand","embeddable":true,"href":"https:\/\/collectiveq.pl\/en\/wp-json\/wp\/v2\/product_brand?post=1064"},{"taxonomy":"product_cat","embeddable":true,"href":"https:\/\/collectiveq.pl\/en\/wp-json\/wp\/v2\/product_cat?post=1064"},{"taxonomy":"product_tag","embeddable":true,"href":"https:\/\/collectiveq.pl\/en\/wp-json\/wp\/v2\/product_tag?post=1064"}],"curies":[{"name":"wp","href":"https:\/\/api.w.org\/{rel}","templated":true}]}}