{"id":1099,"date":"2025-08-31T11:46:05","date_gmt":"2025-08-31T09:46:05","guid":{"rendered":"https:\/\/collectiveq.pl\/?post_type=product&#038;p=1099"},"modified":"2025-08-31T11:46:05","modified_gmt":"2025-08-31T09:46:05","slug":"jasnorozowy-wazon-vintage-ze-slimaczkami","status":"publish","type":"product","link":"https:\/\/collectiveq.pl\/en\/product\/jasnorozowy-wazon-vintage-ze-slimaczkami\/","title":{"rendered":"Light pink vintage vase with snails"},"content":{"rendered":"<p>Vintage vase with decorative handles (so-called snails) - Tarnowiec Glassworks, 1970s\/80s.<br \/>\nA unique decorative vase from the 1970s\/80s, produced at the iconic Tarnowiec Glassworks, known for its bold forms and distinctive design of the communist era.<\/p>\n<p>Made of thick, tinted glass in a subtle shade of powder pink with a contrasting burgundy interior. Its character is added by decorative, transparent handles in the form of spiral \"ears\" - a stylish detail that makes this piece unique and full of retro charm.<\/p>\n<p>It's not only an excellent piece of vintage, mid-century or art d\u00e9co decor, but also a collector's rarity - a rare period piece.<\/p>\n<p>Product Features:<br \/>\nOriginal product of Tarnowiec Glassworks<\/p>\n<p>Years of production: 1970-1989<\/p>\n<p>Color: Powder pink with maroon center<\/p>\n<p>Material: colored glass, hand-formed<\/p>\n<p>Decoration: Transparent decorative handles on the sides<\/p>\n<p>Style: Vintage \/ retro \/ PRL<\/p>\n<p>Condition: very good, no cracks or cavities<\/p>\n<p>Use: Decoration, vase, collector's exhibit<\/p>\n<p>This is a vintage item, which means that it may bear normal signs of use due to the passage of time. These are natural for this type of item and add to its unique character.<\/p>","protected":false},"excerpt":{"rendered":"<p>Wazon vintage z ozdobnymi uchwytami (tzw. \u015blimaki) \u2013 Huta Szk\u0142a Tarnowiec, lata 70.\/80. Unikatowy wazon dekoracyjny z lat 70.\/80., wyprodukowany w kultowej Hucie Szk\u0142a Tarnowiec, znanej z odwa\u017cnych form i charakterystycznego wzornictwa czas\u00f3w PRL. Wykonany z grubego, barwionego szk\u0142a w subtelnym odcieniu pudrowego r\u00f3\u017cu z kontrastuj\u0105cym, bordowym wn\u0119trzem. Charakteru dodaj\u0105 mu ozdobne, przezroczyste uchwyty w [&hellip;]<\/p>","protected":false},"featured_media":1097,"comment_status":"open","ping_status":"closed","template":"","meta":[],"product_brand":[],"product_cat":[115],"product_tag":[402,401,403,400],"class_list":{"0":"post-1099","1":"product","2":"type-product","3":"status-publish","4":"has-post-thumbnail","6":"product_cat-wazony","7":"product_tag-prl","8":"product_tag-szklo","9":"product_tag-vintage","10":"product_tag-wazon","12":"first","13":"instock","14":"sold-individually","15":"purchasable","16":"product-type-simple"},"acf":[],"_links":{"self":[{"href":"https:\/\/collectiveq.pl\/en\/wp-json\/wp\/v2\/product\/1099","targetHints":{"allow":["GET"]}}],"collection":[{"href":"https:\/\/collectiveq.pl\/en\/wp-json\/wp\/v2\/product"}],"about":[{"href":"https:\/\/collectiveq.pl\/en\/wp-json\/wp\/v2\/types\/product"}],"replies":[{"embeddable":true,"href":"https:\/\/collectiveq.pl\/en\/wp-json\/wp\/v2\/comments?post=1099"}],"wp:featuredmedia":[{"embeddable":true,"href":"https:\/\/collectiveq.pl\/en\/wp-json\/wp\/v2\/media\/1097"}],"wp:attachment":[{"href":"https:\/\/collectiveq.pl\/en\/wp-json\/wp\/v2\/media?parent=1099"}],"wp:term":[{"taxonomy":"product_brand","embeddable":true,"href":"https:\/\/collectiveq.pl\/en\/wp-json\/wp\/v2\/product_brand?post=1099"},{"taxonomy":"product_cat","embeddable":true,"href":"https:\/\/collectiveq.pl\/en\/wp-json\/wp\/v2\/product_cat?post=1099"},{"taxonomy":"product_tag","embeddable":true,"href":"https:\/\/collectiveq.pl\/en\/wp-json\/wp\/v2\/product_tag?post=1099"}],"curies":[{"name":"wp","href":"https:\/\/api.w.org\/{rel}","templated":true}]}}