{"id":1101,"date":"2025-08-31T11:45:37","date_gmt":"2025-08-31T09:45:37","guid":{"rendered":"https:\/\/collectiveq.pl\/?post_type=product&#038;p=1101"},"modified":"2025-08-31T11:45:37","modified_gmt":"2025-08-31T09:45:37","slug":"komplet-bordowych-swiecznikow-vintage","status":"publish","type":"product","link":"https:\/\/collectiveq.pl\/en\/product\/komplet-bordowych-swiecznikow-vintage\/","title":{"rendered":"Set of maroon vintage candle holders"},"content":{"rendered":"<p>Set of vintage candlesticks - Tarnowiec Glassworks, 1970s\/80s.<br \/>\nA stylish duo of decorative candlesticks produced in the 1970s\/80s at the renowned Tarnowiec Glassworks, specializing in artistic functional glass. This set is an exceptional example of Polish design of the communist era - a combination of classic form with a touch of extravagance.<\/p>\n<p>Made of dark glass in a deep shade of maroon (almost black in shade), decorated with transparent, carved handles on the sides, which resemble stylized wings or leaves. The elegant base and wide rim give them stability and a distinctive silhouette.<\/p>\n<p>Ideal as:<\/p>\n<p>table decoration,<\/p>\n<p>A vintage\/mid-century design element,<\/p>\n<p>A gift for design lovers with a history.<\/p>\n<p>Product Features:<br \/>\nOriginal from Tarnowiec Glassworks<\/p>\n<p>Years of production: 1970-1989<\/p>\n<p>Material: hand-formed tinted glass<\/p>\n<p>Color: Maroon \/ dark cherry with transparent details<\/p>\n<p>Style: Retro \/ vintage \/ PRL<\/p>\n<p>Condition: very good, no cavities or cracks<\/p>\n<p>Height: about 20 cm<\/p>\n<p>Set: 2 pieces<\/p>\n<p>This is a vintage item, which means that it may bear normal signs of use due to the passage of time. These are natural for this type of item and add to its unique character.<\/p>","protected":false},"excerpt":{"rendered":"<p>Komplet \u015bwiecznik\u00f3w vintage \u2013 Huta Szk\u0142a Tarnowiec, lata 70.\/80. Stylowy duet dekoracyjnych \u015bwiecznik\u00f3w wyprodukowany w latach 70.\/80. w renomowanej Hucie Szk\u0142a Tarnowiec, specjalizuj\u0105cej si\u0119 w artystycznym szkle u\u017cytkowym. Ten komplet to wyj\u0105tkowy przyk\u0142ad polskiego wzornictwa epoki PRL \u2013 po\u0142\u0105czenie klasycznej formy z nut\u0105 ekstrawagancji. Wykonane z ciemnego szk\u0142a w g\u0142\u0119bokim odcieniu bordo (niemal czarne w [&hellip;]<\/p>","protected":false},"featured_media":1091,"comment_status":"open","ping_status":"closed","template":"","meta":[],"product_brand":[],"product_cat":[117],"product_tag":[402,404,401,403,400],"class_list":{"0":"post-1101","1":"product","2":"type-product","3":"status-publish","4":"has-post-thumbnail","6":"product_cat-swiece-i-swieczniki","7":"product_tag-prl","8":"product_tag-swiecznik","9":"product_tag-szklo","10":"product_tag-vintage","11":"product_tag-wazon","13":"first","14":"instock","15":"sold-individually","16":"purchasable","17":"product-type-simple"},"acf":[],"_links":{"self":[{"href":"https:\/\/collectiveq.pl\/en\/wp-json\/wp\/v2\/product\/1101","targetHints":{"allow":["GET"]}}],"collection":[{"href":"https:\/\/collectiveq.pl\/en\/wp-json\/wp\/v2\/product"}],"about":[{"href":"https:\/\/collectiveq.pl\/en\/wp-json\/wp\/v2\/types\/product"}],"replies":[{"embeddable":true,"href":"https:\/\/collectiveq.pl\/en\/wp-json\/wp\/v2\/comments?post=1101"}],"wp:featuredmedia":[{"embeddable":true,"href":"https:\/\/collectiveq.pl\/en\/wp-json\/wp\/v2\/media\/1091"}],"wp:attachment":[{"href":"https:\/\/collectiveq.pl\/en\/wp-json\/wp\/v2\/media?parent=1101"}],"wp:term":[{"taxonomy":"product_brand","embeddable":true,"href":"https:\/\/collectiveq.pl\/en\/wp-json\/wp\/v2\/product_brand?post=1101"},{"taxonomy":"product_cat","embeddable":true,"href":"https:\/\/collectiveq.pl\/en\/wp-json\/wp\/v2\/product_cat?post=1101"},{"taxonomy":"product_tag","embeddable":true,"href":"https:\/\/collectiveq.pl\/en\/wp-json\/wp\/v2\/product_tag?post=1101"}],"curies":[{"name":"wp","href":"https:\/\/api.w.org\/{rel}","templated":true}]}}