{"id":1103,"date":"2025-08-31T11:45:03","date_gmt":"2025-08-31T09:45:03","guid":{"rendered":"https:\/\/collectiveq.pl\/?post_type=product&#038;p=1103"},"modified":"2025-08-31T11:45:03","modified_gmt":"2025-08-31T09:45:03","slug":"dzbanuszek-ze-szkla-artystycznego-vintage-fiolet","status":"publish","type":"product","link":"https:\/\/collectiveq.pl\/en\/product\/dzbanuszek-ze-szkla-artystycznego-vintage-fiolet\/","title":{"rendered":"Art glass jug vintage purple"},"content":{"rendered":"<p>Art glass pitcher - Kamionka Cooperative, Lysa Gora, 1970s\/80s.<br \/>\nA charming jug made at the Kamionka Cooperative in Lysa Gora, known for its handmade molding and artistic glassware. Dated to the 1970s\/80s, it is an exceptional example of folk handicraft from the Podkarpacie region.<\/p>\n<p>The dish is made of stained glass in a deep plum\/aubergine shade. It has a distinctive spiral handle with decorative detail, which is a hallmark of Stoneware products. The wide spout gives it functionality - it can serve as a creamer, saucepan or simply as a decorative accent on the table.<\/p>\n<p>Product Features:<br \/>\nOriginal: Kamionka Cooperative, Bald Mountain<\/p>\n<p>Years of production: 1970-1989<\/p>\n<p>Technique: hand-formed glass<\/p>\n<p>Color: purple \/ plum<\/p>\n<p>Style: rustic, folk vintage<\/p>\n<p>Condition: very good, no damage<\/p>\n<p>This is a vintage item, which means that it may bear normal signs of use due to the passage of time. These are natural for this type of item and add to its unique character.<\/p>","protected":false},"excerpt":{"rendered":"<p>Dzbanuszek ze szk\u0142a artystycznego \u2013 Sp\u00f3\u0142dzielnia Kamionka, \u0141ysa G\u00f3ra, lata 70.\/80. Urokliwy dzbanuszek wykonany w Sp\u00f3\u0142dzielni Kamionka w \u0141ysej G\u00f3rze, znanej z r\u0119cznego formowania i artystycznego szk\u0142a u\u017cytkowego. Datowany na lata 70.\/80., stanowi wyj\u0105tkowy przyk\u0142ad r\u0119kodzie\u0142a ludowego z Podkarpacia. Naczynie z barwionego szk\u0142a w g\u0142\u0119bokim odcieniu \u015bliwki\/bak\u0142a\u017cana. Posiada charakterystyczny, spiralny uchwyt z dekoracyjnym detalem, co [&hellip;]<\/p>","protected":false},"featured_media":1094,"comment_status":"open","ping_status":"closed","template":"","meta":[],"product_brand":[],"product_cat":[115],"product_tag":[402,401,403,400],"class_list":{"0":"post-1103","1":"product","2":"type-product","3":"status-publish","4":"has-post-thumbnail","6":"product_cat-wazony","7":"product_tag-prl","8":"product_tag-szklo","9":"product_tag-vintage","10":"product_tag-wazon","12":"first","13":"instock","14":"sold-individually","15":"purchasable","16":"product-type-simple"},"acf":[],"_links":{"self":[{"href":"https:\/\/collectiveq.pl\/en\/wp-json\/wp\/v2\/product\/1103","targetHints":{"allow":["GET"]}}],"collection":[{"href":"https:\/\/collectiveq.pl\/en\/wp-json\/wp\/v2\/product"}],"about":[{"href":"https:\/\/collectiveq.pl\/en\/wp-json\/wp\/v2\/types\/product"}],"replies":[{"embeddable":true,"href":"https:\/\/collectiveq.pl\/en\/wp-json\/wp\/v2\/comments?post=1103"}],"wp:featuredmedia":[{"embeddable":true,"href":"https:\/\/collectiveq.pl\/en\/wp-json\/wp\/v2\/media\/1094"}],"wp:attachment":[{"href":"https:\/\/collectiveq.pl\/en\/wp-json\/wp\/v2\/media?parent=1103"}],"wp:term":[{"taxonomy":"product_brand","embeddable":true,"href":"https:\/\/collectiveq.pl\/en\/wp-json\/wp\/v2\/product_brand?post=1103"},{"taxonomy":"product_cat","embeddable":true,"href":"https:\/\/collectiveq.pl\/en\/wp-json\/wp\/v2\/product_cat?post=1103"},{"taxonomy":"product_tag","embeddable":true,"href":"https:\/\/collectiveq.pl\/en\/wp-json\/wp\/v2\/product_tag?post=1103"}],"curies":[{"name":"wp","href":"https:\/\/api.w.org\/{rel}","templated":true}]}}