{"id":1105,"date":"2025-08-31T11:44:23","date_gmt":"2025-08-31T09:44:23","guid":{"rendered":"https:\/\/collectiveq.pl\/?post_type=product&#038;p=1105"},"modified":"2025-08-31T11:44:23","modified_gmt":"2025-08-31T09:44:23","slug":"swiecznik-artystyczny-pudrowy-roz","status":"publish","type":"product","link":"https:\/\/collectiveq.pl\/en\/product\/swiecznik-artystyczny-pudrowy-roz\/","title":{"rendered":"Art candle holder powder pink"},"content":{"rendered":"<p>Artistic candle holder - Tarnowiec Glassworks, 1970s\/80s.<br \/>\nDecorative candleholder made at the Tarnowiec Glassworks in the 1970s or 1980s. The object represents the factory's characteristic style - a combination of expressive form with decorative detail in the form of side handles made of clear glass.<\/p>\n<p>It's made of glass tinted in the mass, in a pleasant shade of pink and terracotta. It has a typical Tarnowiec bale shape with plastic \"ears\" on the sides, which give it a sculptural expression. It can be used both as a candle holder and a mini vase for dry bouquets (as shown in the photo).<\/p>\n<p>Product Features:<br \/>\nOrigin: Tarnowiec Glassworks<\/p>\n<p>Creation time: 1970s\/80s.<\/p>\n<p>Material: colored glass, hand formed<\/p>\n<p>Style: communist, modern vintage<\/p>\n<p>Color: terracotta pink with transparent details<\/p>\n<p>Height: about 18 cm<\/p>\n<p>Condition: very good, no cavities<\/p>\n<p>This is a vintage item, which means that it may bear normal signs of use due to the passage of time. These are natural for this type of item and add to its unique character.<\/p>","protected":false},"excerpt":{"rendered":"<p>\u015awiecznik artystyczny \u2013 Huta Szk\u0142a Tarnowiec, lata 70.\/80. Ozdobny \u015bwiecznik wykonany w Hucie Szk\u0142a Tarnowiec w latach 70. lub 80. XX wieku. Obiekt reprezentuje charakterystyczny styl zak\u0142adu \u2013 po\u0142\u0105czenie wyrazistej formy z dekoracyjnym detalem w postaci bocznych uchwyt\u00f3w z przejrzystego szk\u0142a. Wykonany ze szk\u0142a barwionego w masie, w przyjemnym odcieniu r\u00f3\u017cowo-terakotowym. Posiada typowy dla Tarnowca [&hellip;]<\/p>","protected":false},"featured_media":1068,"comment_status":"open","ping_status":"closed","template":"","meta":[],"product_brand":[],"product_cat":[117],"product_tag":[402,404,401,403,400],"class_list":{"0":"post-1105","1":"product","2":"type-product","3":"status-publish","4":"has-post-thumbnail","6":"product_cat-swiece-i-swieczniki","7":"product_tag-prl","8":"product_tag-swiecznik","9":"product_tag-szklo","10":"product_tag-vintage","11":"product_tag-wazon","13":"first","14":"instock","15":"sold-individually","16":"purchasable","17":"product-type-simple"},"acf":[],"_links":{"self":[{"href":"https:\/\/collectiveq.pl\/en\/wp-json\/wp\/v2\/product\/1105","targetHints":{"allow":["GET"]}}],"collection":[{"href":"https:\/\/collectiveq.pl\/en\/wp-json\/wp\/v2\/product"}],"about":[{"href":"https:\/\/collectiveq.pl\/en\/wp-json\/wp\/v2\/types\/product"}],"replies":[{"embeddable":true,"href":"https:\/\/collectiveq.pl\/en\/wp-json\/wp\/v2\/comments?post=1105"}],"wp:featuredmedia":[{"embeddable":true,"href":"https:\/\/collectiveq.pl\/en\/wp-json\/wp\/v2\/media\/1068"}],"wp:attachment":[{"href":"https:\/\/collectiveq.pl\/en\/wp-json\/wp\/v2\/media?parent=1105"}],"wp:term":[{"taxonomy":"product_brand","embeddable":true,"href":"https:\/\/collectiveq.pl\/en\/wp-json\/wp\/v2\/product_brand?post=1105"},{"taxonomy":"product_cat","embeddable":true,"href":"https:\/\/collectiveq.pl\/en\/wp-json\/wp\/v2\/product_cat?post=1105"},{"taxonomy":"product_tag","embeddable":true,"href":"https:\/\/collectiveq.pl\/en\/wp-json\/wp\/v2\/product_tag?post=1105"}],"curies":[{"name":"wp","href":"https:\/\/api.w.org\/{rel}","templated":true}]}}