{"id":1107,"date":"2025-08-31T11:43:50","date_gmt":"2025-08-31T09:43:50","guid":{"rendered":"https:\/\/collectiveq.pl\/?post_type=product&#038;p=1107"},"modified":"2025-08-31T11:43:50","modified_gmt":"2025-08-31T09:43:50","slug":"sliwkowy-wazon-z-kokardkami-vintage","status":"publish","type":"product","link":"https:\/\/collectiveq.pl\/en\/product\/sliwkowy-wazon-z-kokardkami-vintage\/","title":{"rendered":"Plum vase with vintage bows"},"content":{"rendered":"<p>Glass vase HS Tarnowiec - 1970s\/80s - Purple<\/p>\n<p>This vase will not only be a practical addition to the interior, but also a unique decorative element for lovers of vintage design and collectors of Polish art glass.<\/p>\n<p>A unique vase handcrafted by the renowned HS Tarnowiec glassworks in Poland. Dating back to the late 1970s and early 1980s, this elegant product is an excellent example of classic design from the communist era.<\/p>\n<p>Color: Deep purple (plum)<br \/>\nWorkmanship: Handmade - each piece is unique<br \/>\nOrigin: Poland, HS Tarnowiec<br \/>\nPeriod: 1970s\/80s.<br \/>\nCondition: Very good, with original manufacturer's sticker<br \/>\nDetails: decorative handles made of transparent glass, classic form with subtle gloss.<\/p>\n<p>This is a vintage item, which means that it may bear normal signs of use due to the passage of time. These are natural for this type of item and add to its unique character.<\/p>","protected":false},"excerpt":{"rendered":"<p>Wazon szklany HS Tarnowiec \u2013 Lata 70.\/80. \u2013 Fioletowy Ten wazon b\u0119dzie nie tylko praktycznym dodatkiem do wn\u0119trza, ale tak\u017ce wyj\u0105tkowym elementem dekoracyjnym dla mi\u0142o\u015bnik\u00f3w designu vintage i kolekcjoner\u00f3w polskiego szk\u0142a artystycznego. Unikalny wazon r\u0119cznie wykonany przez renomowan\u0105 hut\u0119 szk\u0142a HS Tarnowiec w Polsce. Pochodz\u0105cy z prze\u0142omu lat 70. i 80., ten elegancki wyr\u00f3b to [&hellip;]<\/p>","protected":false},"featured_media":1072,"comment_status":"open","ping_status":"closed","template":"","meta":[],"product_brand":[],"product_cat":[115],"product_tag":[402,401,403,400],"class_list":{"0":"post-1107","1":"product","2":"type-product","3":"status-publish","4":"has-post-thumbnail","6":"product_cat-wazony","7":"product_tag-prl","8":"product_tag-szklo","9":"product_tag-vintage","10":"product_tag-wazon","12":"first","13":"instock","14":"sold-individually","15":"purchasable","16":"product-type-simple"},"acf":[],"_links":{"self":[{"href":"https:\/\/collectiveq.pl\/en\/wp-json\/wp\/v2\/product\/1107","targetHints":{"allow":["GET"]}}],"collection":[{"href":"https:\/\/collectiveq.pl\/en\/wp-json\/wp\/v2\/product"}],"about":[{"href":"https:\/\/collectiveq.pl\/en\/wp-json\/wp\/v2\/types\/product"}],"replies":[{"embeddable":true,"href":"https:\/\/collectiveq.pl\/en\/wp-json\/wp\/v2\/comments?post=1107"}],"wp:featuredmedia":[{"embeddable":true,"href":"https:\/\/collectiveq.pl\/en\/wp-json\/wp\/v2\/media\/1072"}],"wp:attachment":[{"href":"https:\/\/collectiveq.pl\/en\/wp-json\/wp\/v2\/media?parent=1107"}],"wp:term":[{"taxonomy":"product_brand","embeddable":true,"href":"https:\/\/collectiveq.pl\/en\/wp-json\/wp\/v2\/product_brand?post=1107"},{"taxonomy":"product_cat","embeddable":true,"href":"https:\/\/collectiveq.pl\/en\/wp-json\/wp\/v2\/product_cat?post=1107"},{"taxonomy":"product_tag","embeddable":true,"href":"https:\/\/collectiveq.pl\/en\/wp-json\/wp\/v2\/product_tag?post=1107"}],"curies":[{"name":"wp","href":"https:\/\/api.w.org\/{rel}","templated":true}]}}