{"id":1111,"date":"2025-08-31T11:43:14","date_gmt":"2025-08-31T09:43:14","guid":{"rendered":"https:\/\/collectiveq.pl\/?post_type=product&#038;p=1111"},"modified":"2025-08-31T11:43:14","modified_gmt":"2025-08-31T09:43:14","slug":"wazon-z-kokardkami-vintage-fiolet","status":"publish","type":"product","link":"https:\/\/collectiveq.pl\/en\/product\/wazon-z-kokardkami-vintage-fiolet\/","title":{"rendered":"Vase with bows vintage purple"},"content":{"rendered":"<p>Decorative vase - Tarnowiec Glassworks, 1970s\/80s.<br \/>\nStriking vase made at the Tarnowiec Glassworks in the 1970s or 1980s. The design is typical of the factory's style - a balanced form with decorative, transparent handles on the sides, which give the object a plastic expression.<\/p>\n<p>The model is made of glass tinted in a pleasant, slightly extinguished pink-purple shade. The slender neck with a clearly turned-up rim is set on a cracked, stable body. Ideal both for compositions of live or dry flowers, and as a stand-alone vintage-style decorative element.<\/p>\n<p>Product Features:<br \/>\nOrigin: Tarnowiec Glassworks<br \/>\nCreation time: 1970s\/80s.<br \/>\nMaterial: colored glass, hand formed<br \/>\nStyle: communist, modern vintage<br \/>\nColor: pink and purple with transparent handles<br \/>\nHeight: about 25 cm<br \/>\nCondition: very good, no damage, normal signs of use<\/p>\n<p>This is a vintage item, which means that it may bear normal signs of use due to the passage of time. These are natural for this type of item and add to its unique character.<\/p>","protected":false},"excerpt":{"rendered":"<p>Wazon dekoracyjny \u2013 Huta Szk\u0142a Tarnowiec, lata 70.\/80. Efektowny wazon wykonany w Hucie Szk\u0142a Tarnowiec w latach 70. lub 80. XX wieku. Projekt typowy dla stylistyki zak\u0142adu \u2013 zr\u00f3wnowa\u017cona forma z dekoracyjnymi, transparentnymi uchwytami po bokach, kt\u00f3re nadaj\u0105 przedmiotowi plastycznego wyrazu. Model wykonany ze szk\u0142a barwionego w masie w przyjemnym, lekko zgaszonym odcieniu r\u00f3\u017cowo-fioletowym. Smuk\u0142a [&hellip;]<\/p>","protected":false},"featured_media":1079,"comment_status":"open","ping_status":"closed","template":"","meta":[],"product_brand":[],"product_cat":[115],"product_tag":[402,401,403,400],"class_list":{"0":"post-1111","1":"product","2":"type-product","3":"status-publish","4":"has-post-thumbnail","6":"product_cat-wazony","7":"product_tag-prl","8":"product_tag-szklo","9":"product_tag-vintage","10":"product_tag-wazon","12":"first","13":"instock","14":"sold-individually","15":"purchasable","16":"product-type-simple"},"acf":[],"_links":{"self":[{"href":"https:\/\/collectiveq.pl\/en\/wp-json\/wp\/v2\/product\/1111","targetHints":{"allow":["GET"]}}],"collection":[{"href":"https:\/\/collectiveq.pl\/en\/wp-json\/wp\/v2\/product"}],"about":[{"href":"https:\/\/collectiveq.pl\/en\/wp-json\/wp\/v2\/types\/product"}],"replies":[{"embeddable":true,"href":"https:\/\/collectiveq.pl\/en\/wp-json\/wp\/v2\/comments?post=1111"}],"wp:featuredmedia":[{"embeddable":true,"href":"https:\/\/collectiveq.pl\/en\/wp-json\/wp\/v2\/media\/1079"}],"wp:attachment":[{"href":"https:\/\/collectiveq.pl\/en\/wp-json\/wp\/v2\/media?parent=1111"}],"wp:term":[{"taxonomy":"product_brand","embeddable":true,"href":"https:\/\/collectiveq.pl\/en\/wp-json\/wp\/v2\/product_brand?post=1111"},{"taxonomy":"product_cat","embeddable":true,"href":"https:\/\/collectiveq.pl\/en\/wp-json\/wp\/v2\/product_cat?post=1111"},{"taxonomy":"product_tag","embeddable":true,"href":"https:\/\/collectiveq.pl\/en\/wp-json\/wp\/v2\/product_tag?post=1111"}],"curies":[{"name":"wp","href":"https:\/\/api.w.org\/{rel}","templated":true}]}}