{"id":1114,"date":"2025-08-31T11:42:53","date_gmt":"2025-08-31T09:42:53","guid":{"rendered":"https:\/\/collectiveq.pl\/?post_type=product&#038;p=1114"},"modified":"2025-08-31T11:42:53","modified_gmt":"2025-08-31T09:42:53","slug":"wazon-kielichowy-vintage-liliowy","status":"publish","type":"product","link":"https:\/\/collectiveq.pl\/en\/product\/wazon-kielichowy-vintage-liliowy\/","title":{"rendered":"Vintage lilac cup vase"},"content":{"rendered":"<p>Cup vase - Tarnowiec Glassworks, 1970s\/80s.<br \/>\nDecorative cup-type vase made at the Tarnowiec Glassworks in the 1970s or 1980s. Its distinctive form and decorative twisted handles made of transparent glass make it a recognizable example of the design of this Polish plant.<\/p>\n<p>Model with a wide, rounded black set on a slender leg with a flared foot. Made of tinted glass, in a delicate purple with a warm, powdery tone. It will be perfect as part of a composition with dried plants or as a stand-alone sculptural decorative form.<\/p>\n<p>Product Features:<br \/>\nOrigin: Tarnowiec Glassworks<br \/>\nCreation time: 1970s\/80s.<br \/>\nMaterial: colored glass, hand formed<br \/>\nStyle: communist, modern vintage<br \/>\nColor: powder purple with transparent handles<br \/>\nHeight: about 22 cm<br \/>\nCondition: very good, no cavities<\/p>\n<p>This is a vintage item, which means that it may bear normal signs of use due to the passage of time. These are natural for this type of item and add to its unique character.<\/p>","protected":false},"excerpt":{"rendered":"<p>Wazon kielichowy \u2013 Huta Szk\u0142a Tarnowiec, lata 70.\/80. Dekoracyjny wazon typu kielichowego wykonany w Hucie Szk\u0142a Tarnowiec w latach 70. lub 80. XX wieku. Charakterystyczna forma oraz ozdobne, skr\u0119cone uchwyty z transparentnego szk\u0142a czyni\u0105 go rozpoznawalnym przyk\u0142adem wzornictwa tego polskiego zak\u0142adu. Model z szerok\u0105, zaokr\u0105glon\u0105 czar\u0105 osadzon\u0105 na smuk\u0142ej nodze z rozkloszowan\u0105 stop\u0105. Wykonany ze [&hellip;]<\/p>","protected":false},"featured_media":1113,"comment_status":"open","ping_status":"closed","template":"","meta":[],"product_brand":[],"product_cat":[115],"product_tag":[402,401,403,400],"class_list":{"0":"post-1114","1":"product","2":"type-product","3":"status-publish","4":"has-post-thumbnail","6":"product_cat-wazony","7":"product_tag-prl","8":"product_tag-szklo","9":"product_tag-vintage","10":"product_tag-wazon","12":"first","13":"instock","14":"sold-individually","15":"purchasable","16":"product-type-simple"},"acf":[],"_links":{"self":[{"href":"https:\/\/collectiveq.pl\/en\/wp-json\/wp\/v2\/product\/1114","targetHints":{"allow":["GET"]}}],"collection":[{"href":"https:\/\/collectiveq.pl\/en\/wp-json\/wp\/v2\/product"}],"about":[{"href":"https:\/\/collectiveq.pl\/en\/wp-json\/wp\/v2\/types\/product"}],"replies":[{"embeddable":true,"href":"https:\/\/collectiveq.pl\/en\/wp-json\/wp\/v2\/comments?post=1114"}],"wp:featuredmedia":[{"embeddable":true,"href":"https:\/\/collectiveq.pl\/en\/wp-json\/wp\/v2\/media\/1113"}],"wp:attachment":[{"href":"https:\/\/collectiveq.pl\/en\/wp-json\/wp\/v2\/media?parent=1114"}],"wp:term":[{"taxonomy":"product_brand","embeddable":true,"href":"https:\/\/collectiveq.pl\/en\/wp-json\/wp\/v2\/product_brand?post=1114"},{"taxonomy":"product_cat","embeddable":true,"href":"https:\/\/collectiveq.pl\/en\/wp-json\/wp\/v2\/product_cat?post=1114"},{"taxonomy":"product_tag","embeddable":true,"href":"https:\/\/collectiveq.pl\/en\/wp-json\/wp\/v2\/product_tag?post=1114"}],"curies":[{"name":"wp","href":"https:\/\/api.w.org\/{rel}","templated":true}]}}