{"id":1116,"date":"2025-08-31T11:42:27","date_gmt":"2025-08-31T09:42:27","guid":{"rendered":"https:\/\/collectiveq.pl\/?post_type=product&#038;p=1116"},"modified":"2025-08-31T11:42:27","modified_gmt":"2025-08-31T09:42:27","slug":"wazon-kielichowy-vintage-pudrowy-roz-kokardki","status":"publish","type":"product","link":"https:\/\/collectiveq.pl\/en\/product\/wazon-kielichowy-vintage-pudrowy-roz-kokardki\/","title":{"rendered":"Vintage powder pink cup vase, bows"},"content":{"rendered":"<p>Cup vase - Tarnowiec Glassworks, 1970s\/80s.<br \/>\nA subtle cup-type decorative vase, handmade at the Tarnowiec Glassworks in the 1970s or 1980s. The design combines simplicity of form with wavy handles made of transparent glass, characteristic of the factory (.<\/p>\n<p>The black is wide, flowing smoothly into a slender leg and stable foot. The glass is stained in the mass in a light, apricot-pink shade with a delicate sheen. The vase looks great both with dry compositions and as a stand-alone form - it fits especially well with the aesthetics of retro, modern vintage and boho interiors.<\/p>\n<p>Product Features:<br \/>\nOrigin: Tarnowiec Glassworks<br \/>\nCreation time: 1970s\/80s.<br \/>\nMaterial: colored glass, hand formed<br \/>\nStyle: communist, modern vintage<br \/>\nColor: light pink with transparent handles<br \/>\nHeight: about 20 cm<br \/>\nCondition: very good, no cavities<\/p>\n<p>This is a vintage item, which means that it may bear normal signs of use due to the passage of time. These are natural for this type of item and add to its unique character.<\/p>","protected":false},"excerpt":{"rendered":"<p>Wazon kielichowy \u2013 Huta Szk\u0142a Tarnowiec, lata 70.\/80. Subtelny wazon dekoracyjny typu kielichowego, wykonany r\u0119cznie w Hucie Szk\u0142a Tarnowiec w latach 70. lub 80. XX wieku. Wzornictwo \u0142\u0105czy prostot\u0119 formy z charakterystycznymi dla zak\u0142adu, falistymi uchwytami z transparentnego szk\u0142a (. Czara szeroka, p\u0142ynnie przechodz\u0105ca w smuk\u0142\u0105 n\u00f3\u017ck\u0119 i stabiln\u0105 stop\u0119. Szk\u0142o barwione w masie w [&hellip;]<\/p>","protected":false},"featured_media":1082,"comment_status":"open","ping_status":"closed","template":"","meta":[],"product_brand":[],"product_cat":[115],"product_tag":[402,401,403,400],"class_list":{"0":"post-1116","1":"product","2":"type-product","3":"status-publish","4":"has-post-thumbnail","6":"product_cat-wazony","7":"product_tag-prl","8":"product_tag-szklo","9":"product_tag-vintage","10":"product_tag-wazon","12":"first","13":"instock","14":"sold-individually","15":"purchasable","16":"product-type-simple"},"acf":[],"_links":{"self":[{"href":"https:\/\/collectiveq.pl\/en\/wp-json\/wp\/v2\/product\/1116","targetHints":{"allow":["GET"]}}],"collection":[{"href":"https:\/\/collectiveq.pl\/en\/wp-json\/wp\/v2\/product"}],"about":[{"href":"https:\/\/collectiveq.pl\/en\/wp-json\/wp\/v2\/types\/product"}],"replies":[{"embeddable":true,"href":"https:\/\/collectiveq.pl\/en\/wp-json\/wp\/v2\/comments?post=1116"}],"wp:featuredmedia":[{"embeddable":true,"href":"https:\/\/collectiveq.pl\/en\/wp-json\/wp\/v2\/media\/1082"}],"wp:attachment":[{"href":"https:\/\/collectiveq.pl\/en\/wp-json\/wp\/v2\/media?parent=1116"}],"wp:term":[{"taxonomy":"product_brand","embeddable":true,"href":"https:\/\/collectiveq.pl\/en\/wp-json\/wp\/v2\/product_brand?post=1116"},{"taxonomy":"product_cat","embeddable":true,"href":"https:\/\/collectiveq.pl\/en\/wp-json\/wp\/v2\/product_cat?post=1116"},{"taxonomy":"product_tag","embeddable":true,"href":"https:\/\/collectiveq.pl\/en\/wp-json\/wp\/v2\/product_tag?post=1116"}],"curies":[{"name":"wp","href":"https:\/\/api.w.org\/{rel}","templated":true}]}}