{"id":1118,"date":"2025-08-31T11:41:12","date_gmt":"2025-08-31T09:41:12","guid":{"rendered":"https:\/\/collectiveq.pl\/?post_type=product&#038;p=1118"},"modified":"2025-08-31T11:41:12","modified_gmt":"2025-08-31T09:41:12","slug":"wazon-kielichowy-vintage-pudrowy-roz-guziczki","status":"publish","type":"product","link":"https:\/\/collectiveq.pl\/en\/product\/wazon-kielichowy-vintage-pudrowy-roz-guziczki\/","title":{"rendered":"Cup vintage powder pink vase, buttons"},"content":{"rendered":"<p>Cup vase - Tarnowiec Glassworks, 1970s\/80s.<br \/>\nAn original cup vase made at the Tarnowiec Glassworks in the 1970s or 1980s. This model attracts attention with its intense apricot-pink color of tinted glass and its spherical bowl set on a proportional leg with a flared foot.<\/p>\n<p>As in other designs by this glassworks, the side handles are made of clear glass, which adds lightness and a distinctive decorative touch. The vase is ideal for dry bouquets, but equally effective as a stand-alone decorative form - especially in retro or boho style arrangements.<\/p>\n<p>Product Features:<br \/>\nOrigin: Tarnowiec Glassworks<br \/>\nCreation time: 1970s\/80s.<br \/>\nMaterial: colored glass, hand formed<br \/>\nStyle: communist, modern vintage<br \/>\nColor: apricot pink with transparent handles<br \/>\nCondition: very good, no cavities<\/p>\n<p>This is a vintage item, which means that it may bear normal signs of use due to the passage of time. These are natural for this type of item and add to its unique character.<\/p>","protected":false},"excerpt":{"rendered":"<p>Wazon kielichowy \u2013 Huta Szk\u0142a Tarnowiec, lata 70.\/80. Oryginalny wazon kielichowy wykonany w Hucie Szk\u0142a Tarnowiec w latach 70. lub 80. XX wieku. Model ten przyci\u0105ga uwag\u0119 intensywnym, morelowo-r\u00f3\u017cowym kolorem szk\u0142a barwionego w masie oraz kulist\u0105 czar\u0105 osadzon\u0105 na proporcjonalnej nodze z rozkloszowan\u0105 stop\u0105. Jak w innych projektach tej huty, boczne uchwyty wykonane s\u0105 z [&hellip;]<\/p>","protected":false},"featured_media":1083,"comment_status":"open","ping_status":"closed","template":"","meta":[],"product_brand":[],"product_cat":[115],"product_tag":[402,401,403,400],"class_list":{"0":"post-1118","1":"product","2":"type-product","3":"status-publish","4":"has-post-thumbnail","6":"product_cat-wazony","7":"product_tag-prl","8":"product_tag-szklo","9":"product_tag-vintage","10":"product_tag-wazon","12":"first","13":"instock","14":"sold-individually","15":"purchasable","16":"product-type-simple"},"acf":[],"_links":{"self":[{"href":"https:\/\/collectiveq.pl\/en\/wp-json\/wp\/v2\/product\/1118","targetHints":{"allow":["GET"]}}],"collection":[{"href":"https:\/\/collectiveq.pl\/en\/wp-json\/wp\/v2\/product"}],"about":[{"href":"https:\/\/collectiveq.pl\/en\/wp-json\/wp\/v2\/types\/product"}],"replies":[{"embeddable":true,"href":"https:\/\/collectiveq.pl\/en\/wp-json\/wp\/v2\/comments?post=1118"}],"wp:featuredmedia":[{"embeddable":true,"href":"https:\/\/collectiveq.pl\/en\/wp-json\/wp\/v2\/media\/1083"}],"wp:attachment":[{"href":"https:\/\/collectiveq.pl\/en\/wp-json\/wp\/v2\/media?parent=1118"}],"wp:term":[{"taxonomy":"product_brand","embeddable":true,"href":"https:\/\/collectiveq.pl\/en\/wp-json\/wp\/v2\/product_brand?post=1118"},{"taxonomy":"product_cat","embeddable":true,"href":"https:\/\/collectiveq.pl\/en\/wp-json\/wp\/v2\/product_cat?post=1118"},{"taxonomy":"product_tag","embeddable":true,"href":"https:\/\/collectiveq.pl\/en\/wp-json\/wp\/v2\/product_tag?post=1118"}],"curies":[{"name":"wp","href":"https:\/\/api.w.org\/{rel}","templated":true}]}}