{"id":1123,"date":"2025-08-31T11:40:43","date_gmt":"2025-08-31T09:40:43","guid":{"rendered":"https:\/\/collectiveq.pl\/?post_type=product&#038;p=1123"},"modified":"2025-08-31T11:40:43","modified_gmt":"2025-08-31T09:40:43","slug":"wazon-amforowy-vintage-pudrowy-roz","status":"publish","type":"product","link":"https:\/\/collectiveq.pl\/en\/product\/wazon-amforowy-vintage-pudrowy-roz\/","title":{"rendered":"Amphora vintage powder pink vase"},"content":{"rendered":"<p>Amphora vase - Tarnowiec Glassworks, 1970s\/80s.<br \/>\nElegant vase in the form of a slender amphora, handmade at the Tarnowiec Glassworks in the 1970s or 1980s. The model is distinguished by its classic, symmetrical shape and striking handles made of transparent glass, which flow smoothly down its sides.<\/p>\n<p>The entire piece is made of glass tinted in a warm salmon-pink shade. Thanks to its harmonious form and sparing but distinctive decoration, the vase is perfectly suited to spaces maintained in the spirit of modern vintage, retro and mid-century.<\/p>\n<p>Product Features:<br \/>\nOrigin: Tarnowiec Glassworks<br \/>\nCreation time: 1970s\/80s.<br \/>\nMaterial: colored glass, hand formed<br \/>\nStyle: communist, modern vintage<br \/>\nColor: salmon pink with transparent handles<br \/>\nCondition: very good, no cavities<\/p>\n<p>This is a vintage item, which means that it may bear normal signs of use due to the passage of time. These are natural for this type of item and add to its unique character.<\/p>","protected":false},"excerpt":{"rendered":"<p>Wazon amforowy \u2013 Huta Szk\u0142a Tarnowiec, lata 70.\/80. Elegancki wazon w formie smuk\u0142ej amfory, wykonany r\u0119cznie w Hucie Szk\u0142a Tarnowiec w latach 70. lub 80. XX wieku. Model wyr\u00f3\u017cnia si\u0119 klasycznym, symetrycznym kszta\u0142tem oraz efektownymi uchwytami z przezroczystego szk\u0142a, kt\u00f3re p\u0142ynnie sp\u0142ywaj\u0105 po jego bokach. Ca\u0142o\u015b\u0107 wykonana ze szk\u0142a barwionego w masie w ciep\u0142ym, \u0142ososiowo-r\u00f3\u017cowym [&hellip;]<\/p>","protected":false},"featured_media":1088,"comment_status":"open","ping_status":"closed","template":"","meta":[],"product_brand":[],"product_cat":[115],"product_tag":[402,401,403,400],"class_list":{"0":"post-1123","1":"product","2":"type-product","3":"status-publish","4":"has-post-thumbnail","6":"product_cat-wazony","7":"product_tag-prl","8":"product_tag-szklo","9":"product_tag-vintage","10":"product_tag-wazon","12":"first","13":"instock","14":"sold-individually","15":"purchasable","16":"product-type-simple"},"acf":[],"_links":{"self":[{"href":"https:\/\/collectiveq.pl\/en\/wp-json\/wp\/v2\/product\/1123","targetHints":{"allow":["GET"]}}],"collection":[{"href":"https:\/\/collectiveq.pl\/en\/wp-json\/wp\/v2\/product"}],"about":[{"href":"https:\/\/collectiveq.pl\/en\/wp-json\/wp\/v2\/types\/product"}],"replies":[{"embeddable":true,"href":"https:\/\/collectiveq.pl\/en\/wp-json\/wp\/v2\/comments?post=1123"}],"wp:featuredmedia":[{"embeddable":true,"href":"https:\/\/collectiveq.pl\/en\/wp-json\/wp\/v2\/media\/1088"}],"wp:attachment":[{"href":"https:\/\/collectiveq.pl\/en\/wp-json\/wp\/v2\/media?parent=1123"}],"wp:term":[{"taxonomy":"product_brand","embeddable":true,"href":"https:\/\/collectiveq.pl\/en\/wp-json\/wp\/v2\/product_brand?post=1123"},{"taxonomy":"product_cat","embeddable":true,"href":"https:\/\/collectiveq.pl\/en\/wp-json\/wp\/v2\/product_cat?post=1123"},{"taxonomy":"product_tag","embeddable":true,"href":"https:\/\/collectiveq.pl\/en\/wp-json\/wp\/v2\/product_tag?post=1123"}],"curies":[{"name":"wp","href":"https:\/\/api.w.org\/{rel}","templated":true}]}}