{"id":1127,"date":"2025-08-31T11:39:30","date_gmt":"2025-08-31T09:39:30","guid":{"rendered":"https:\/\/collectiveq.pl\/?post_type=product&#038;p=1127"},"modified":"2025-08-31T11:41:50","modified_gmt":"2025-08-31T09:41:50","slug":"wazon-cylindryczny-vintage-mrozone-szklo","status":"publish","type":"product","link":"https:\/\/collectiveq.pl\/en\/product\/wazon-cylindryczny-vintage-mrozone-szklo\/","title":{"rendered":"Cylindrical vintage vase, frosted glass"},"content":{"rendered":"<p>Cylindrical vase - Tarnowiec Glassworks, 1970s\/80s.<br \/>\nHandmade vase with a cylindrical form from the Tarnowiec Glassworks, dating to the 1970s or 1980s. The model is distinguished by its simplicity and austere elegance - all made of tinted glass in a shade of cool purple with a light matte effect and subtle translucence. A rare export version.<\/p>\n<p>The minimalist form, balanced proportions and vertical texturing of the surface give the item a modern character that fits well with both communist style and contemporary interiors. Ideal for tall floral compositions or as an accent in spaces with a streamlined aesthetic.<\/p>\n<p>Product Features:<br \/>\nOrigin: Tarnowiec Glassworks<br \/>\nCreation time: 1970s\/80s.<br \/>\nMaterial: colored glass, hand formed<br \/>\nStyle: communist, minimalism, modern vintage<br \/>\nColor: blue \/ cool blue, semi-matte<br \/>\nHeight: about 25 cm<br \/>\nCondition: very good, with original manufacturer's sticker<\/p>\n<p>This is a vintage item, which means that it may bear normal signs of use due to the passage of time. These are natural for this type of item and add to its unique character.<\/p>","protected":false},"excerpt":{"rendered":"<p>Wazon cylindryczny \u2013 Huta Szk\u0142a Tarnowiec, lata 70.\/80. R\u0119cznie wykonany wazon o cylindrycznej formie z Huty Szk\u0142a Tarnowiec, datowany na lata 70. lub 80. XX wieku. Model wyr\u00f3\u017cnia si\u0119 prostot\u0105 i surow\u0105 elegancj\u0105 \u2013 ca\u0142o\u015b\u0107 wykonana z barwionego w masie szk\u0142a w odcieniu ch\u0142odnego fioletu z efektem lekkiego matu i subtelnego prze\u015bwitu. Rzadko spotykana wersja [&hellip;]<\/p>","protected":false},"featured_media":1080,"comment_status":"open","ping_status":"closed","template":"","meta":[],"product_brand":[],"product_cat":[115],"product_tag":[402,401,403,400],"class_list":{"0":"post-1127","1":"product","2":"type-product","3":"status-publish","4":"has-post-thumbnail","6":"product_cat-wazony","7":"product_tag-prl","8":"product_tag-szklo","9":"product_tag-vintage","10":"product_tag-wazon","12":"first","13":"instock","14":"sold-individually","15":"purchasable","16":"product-type-simple"},"acf":[],"_links":{"self":[{"href":"https:\/\/collectiveq.pl\/en\/wp-json\/wp\/v2\/product\/1127","targetHints":{"allow":["GET"]}}],"collection":[{"href":"https:\/\/collectiveq.pl\/en\/wp-json\/wp\/v2\/product"}],"about":[{"href":"https:\/\/collectiveq.pl\/en\/wp-json\/wp\/v2\/types\/product"}],"replies":[{"embeddable":true,"href":"https:\/\/collectiveq.pl\/en\/wp-json\/wp\/v2\/comments?post=1127"}],"wp:featuredmedia":[{"embeddable":true,"href":"https:\/\/collectiveq.pl\/en\/wp-json\/wp\/v2\/media\/1080"}],"wp:attachment":[{"href":"https:\/\/collectiveq.pl\/en\/wp-json\/wp\/v2\/media?parent=1127"}],"wp:term":[{"taxonomy":"product_brand","embeddable":true,"href":"https:\/\/collectiveq.pl\/en\/wp-json\/wp\/v2\/product_brand?post=1127"},{"taxonomy":"product_cat","embeddable":true,"href":"https:\/\/collectiveq.pl\/en\/wp-json\/wp\/v2\/product_cat?post=1127"},{"taxonomy":"product_tag","embeddable":true,"href":"https:\/\/collectiveq.pl\/en\/wp-json\/wp\/v2\/product_tag?post=1127"}],"curies":[{"name":"wp","href":"https:\/\/api.w.org\/{rel}","templated":true}]}}