{"id":1131,"date":"2025-08-31T11:39:02","date_gmt":"2025-08-31T09:39:02","guid":{"rendered":"https:\/\/collectiveq.pl\/?post_type=product&#038;p=1131"},"modified":"2025-08-31T11:39:02","modified_gmt":"2025-08-31T09:39:02","slug":"szklana-misa-dekoracyjna-vintage-zielona","status":"publish","type":"product","link":"https:\/\/collectiveq.pl\/en\/product\/szklana-misa-dekoracyjna-vintage-zielona\/","title":{"rendered":"Vintage decorative glass bowl, green"},"content":{"rendered":"<p>Sculptural decorative bowl - Makora Krosno \/ Krosno, 1970s \/ 1980s.<br \/>\nAn impressive decorative glass form, most likely made at Makora Krosno or another of the Krosno glassworks in the 1970s or 1980s. An object with organic, wavy lines, reminiscent of art glass from Italy (murano style), typical of the experimental design of that period.<\/p>\n<p>Made of layered glass - the vivid green contrasts with the inner white, creating a depth and chiaroscuro effect. The rim is hand-formed in heat, each piece has a unique arrangement of folds and curves. The bowl can serve both a utilitarian function (such as a fruit or candy platter) and a purely decorative one.<\/p>\n<p>Product Features:<br \/>\nOrigin: Makora Krosno or other glassworks from Krosno.<br \/>\nCreation time: 1970s\/80s.<br \/>\nMaterial: art glass, layered, hand formed<br \/>\nStyle: modern vintage, murano-style<br \/>\nColor: green and white (double-layer glass)<br \/>\nHeight: about 15 cm<br \/>\nCondition: very good, no damage<\/p>\n<p>This is a vintage item, which means that it may bear normal signs of use due to the passage of time. These are natural for this type of item and add to its unique character.<\/p>","protected":false},"excerpt":{"rendered":"<p>Rze\u017abiarska misa dekoracyjna \u2013 Makora Krosno \/ Krosno, lata 70.\/80. Imponuj\u0105ca szklana forma dekoracyjna, najpewniej wykonana w Makora Krosno lub innej z kro\u015bnie\u0144skich hut szk\u0142a w latach 70. lub 80. XX wieku. Obiekt o organicznej, faluj\u0105cej linii, przypominaj\u0105cy szk\u0142o artystyczne z W\u0142och (murano style), typowe dla eksperymentalnego wzornictwa tamtego okresu. Wykonana ze szk\u0142a warstwowego \u2013 [&hellip;]<\/p>","protected":false},"featured_media":1075,"comment_status":"open","ping_status":"closed","template":"","meta":[],"product_brand":[],"product_cat":[115],"product_tag":[402,401,403,400],"class_list":{"0":"post-1131","1":"product","2":"type-product","3":"status-publish","4":"has-post-thumbnail","6":"product_cat-wazony","7":"product_tag-prl","8":"product_tag-szklo","9":"product_tag-vintage","10":"product_tag-wazon","12":"first","13":"instock","14":"sold-individually","15":"purchasable","16":"product-type-simple"},"acf":[],"_links":{"self":[{"href":"https:\/\/collectiveq.pl\/en\/wp-json\/wp\/v2\/product\/1131","targetHints":{"allow":["GET"]}}],"collection":[{"href":"https:\/\/collectiveq.pl\/en\/wp-json\/wp\/v2\/product"}],"about":[{"href":"https:\/\/collectiveq.pl\/en\/wp-json\/wp\/v2\/types\/product"}],"replies":[{"embeddable":true,"href":"https:\/\/collectiveq.pl\/en\/wp-json\/wp\/v2\/comments?post=1131"}],"wp:featuredmedia":[{"embeddable":true,"href":"https:\/\/collectiveq.pl\/en\/wp-json\/wp\/v2\/media\/1075"}],"wp:attachment":[{"href":"https:\/\/collectiveq.pl\/en\/wp-json\/wp\/v2\/media?parent=1131"}],"wp:term":[{"taxonomy":"product_brand","embeddable":true,"href":"https:\/\/collectiveq.pl\/en\/wp-json\/wp\/v2\/product_brand?post=1131"},{"taxonomy":"product_cat","embeddable":true,"href":"https:\/\/collectiveq.pl\/en\/wp-json\/wp\/v2\/product_cat?post=1131"},{"taxonomy":"product_tag","embeddable":true,"href":"https:\/\/collectiveq.pl\/en\/wp-json\/wp\/v2\/product_tag?post=1131"}],"curies":[{"name":"wp","href":"https:\/\/api.w.org\/{rel}","templated":true}]}}