{"id":1133,"date":"2025-08-31T11:38:36","date_gmt":"2025-08-31T09:38:36","guid":{"rendered":"https:\/\/collectiveq.pl\/?post_type=product&#038;p=1133"},"modified":"2025-08-31T11:38:36","modified_gmt":"2025-08-31T09:38:36","slug":"wazon-stozkowy-malinowy-vintage-kokardki","status":"publish","type":"product","link":"https:\/\/collectiveq.pl\/en\/product\/wazon-stozkowy-malinowy-vintage-kokardki\/","title":{"rendered":"Vintage raspberry conical vase, bows"},"content":{"rendered":"<p>Conical vase - Tarnowiec Glassworks, 1970s\/80s.<br \/>\nA slender vase of distinctive conical form with hand-formed handles made of clear glass. It comes from the Tarnowiec Glassworks and was made in the 1970s or 1980s. It is distinguished by the intense raspberry color of the tinted glass and the sleek, elegant profile.<\/p>\n<p>Tarnowiec's characteristic \"bows\" made of clear glass add a decorative touch and emphasize the artisanal character of the item. Ideal for single flowers or as a stand-alone decoration - a strong color accent for vintage, retro or eclectic style interiors.<\/p>\n<p>Product Features:<br \/>\nOrigin: Tarnowiec Glassworks<br \/>\nCreation time: 1970s\/80s.<br \/>\nMaterial: hand-colored, hand-molded glass<br \/>\nStyle: communist, modern vintage<br \/>\nColor: deep ruby with transparent handles<br \/>\nHeight: about 22 cm<br \/>\nCondition: very good, no damage<\/p>\n<p>This is a vintage item, which means that it may bear normal signs of use due to the passage of time. These are natural for this type of item and add to its unique character.<\/p>","protected":false},"excerpt":{"rendered":"<p>Wazon sto\u017ckowy \u2013 Huta Szk\u0142a Tarnowiec, lata 70.\/80. Smuk\u0142y wazon o wyrazistej, sto\u017ckowej formie z r\u0119cznie formowanymi uchwytami z przezroczystego szk\u0142a. Pochodzi z Huty Szk\u0142a Tarnowiec i zosta\u0142 wykonany w latach 70. lub 80. XX wieku. Wyr\u00f3\u017cnia si\u0119 intensywnym, malinowym kolorem szk\u0142a barwionego w masie oraz zgrabnym, eleganckim profilem. Charakterystyczne dla Tarnowca &#8222;kokardki&#8221; z przejrzystego [&hellip;]<\/p>","protected":false},"featured_media":1067,"comment_status":"open","ping_status":"closed","template":"","meta":[],"product_brand":[],"product_cat":[115],"product_tag":[402,401,403,400],"class_list":{"0":"post-1133","1":"product","2":"type-product","3":"status-publish","4":"has-post-thumbnail","6":"product_cat-wazony","7":"product_tag-prl","8":"product_tag-szklo","9":"product_tag-vintage","10":"product_tag-wazon","12":"first","13":"instock","14":"sold-individually","15":"purchasable","16":"product-type-simple"},"acf":[],"_links":{"self":[{"href":"https:\/\/collectiveq.pl\/en\/wp-json\/wp\/v2\/product\/1133","targetHints":{"allow":["GET"]}}],"collection":[{"href":"https:\/\/collectiveq.pl\/en\/wp-json\/wp\/v2\/product"}],"about":[{"href":"https:\/\/collectiveq.pl\/en\/wp-json\/wp\/v2\/types\/product"}],"replies":[{"embeddable":true,"href":"https:\/\/collectiveq.pl\/en\/wp-json\/wp\/v2\/comments?post=1133"}],"wp:featuredmedia":[{"embeddable":true,"href":"https:\/\/collectiveq.pl\/en\/wp-json\/wp\/v2\/media\/1067"}],"wp:attachment":[{"href":"https:\/\/collectiveq.pl\/en\/wp-json\/wp\/v2\/media?parent=1133"}],"wp:term":[{"taxonomy":"product_brand","embeddable":true,"href":"https:\/\/collectiveq.pl\/en\/wp-json\/wp\/v2\/product_brand?post=1133"},{"taxonomy":"product_cat","embeddable":true,"href":"https:\/\/collectiveq.pl\/en\/wp-json\/wp\/v2\/product_cat?post=1133"},{"taxonomy":"product_tag","embeddable":true,"href":"https:\/\/collectiveq.pl\/en\/wp-json\/wp\/v2\/product_tag?post=1133"}],"curies":[{"name":"wp","href":"https:\/\/api.w.org\/{rel}","templated":true}]}}