{"id":1137,"date":"2025-08-31T11:37:48","date_gmt":"2025-08-31T09:37:48","guid":{"rendered":"https:\/\/collectiveq.pl\/?post_type=product&#038;p=1137"},"modified":"2025-08-31T11:37:58","modified_gmt":"2025-08-31T09:37:58","slug":"wazon-stozkowy-vintage-dwuwarstwowy","status":"publish","type":"product","link":"https:\/\/collectiveq.pl\/en\/product\/wazon-stozkowy-vintage-dwuwarstwowy\/","title":{"rendered":"Vintage conical vase, two layers"},"content":{"rendered":"<p>Conical vase - Tarnowiec Glassworks, 1970s\/80s.<br \/>\nA slender vase with a tapering, elegant form, handmade at the Tarnowiec Glassworks in the 1970s or 1980s. Maintained in a dark, saturated maroon shade with a demarcated dark blue rim (a unique combination of several layers of glass), with decorative clear handles on the sides - characteristic of this glassworks.<\/p>\n<p>With its minimalist form and deep colors, the vase blends well in both classic and modern interiors. Ideal for single branches, dry flowers or as a stand-alone, collectible decorative accent.<\/p>\n<p>Product Features:<br \/>\nOrigin: Tarnowiec Glassworks<br \/>\nCreation time: 1970s\/80s.<br \/>\nMaterial: colored glass, hand formed<br \/>\nStyle: communist, modern vintage<br \/>\nColor: dark purple \/ plum with transparent handles<br \/>\nHeight: about 22 cm<br \/>\nCondition: very good, no damage<\/p>\n<p>This is a vintage item, which means that it may bear normal signs of use due to the passage of time. These are natural for this type of item and add to its unique character.<\/p>\n<p>&nbsp;<\/p>\n<p>&nbsp;<\/p>\n<p>&nbsp;<\/p>\n<p>&nbsp;<\/p>\n<p>&nbsp;<\/p>","protected":false},"excerpt":{"rendered":"<p>Wazon sto\u017ckowy \u2013 Huta Szk\u0142a Tarnowiec, lata 70.\/80. Smuk\u0142y wazon o zw\u0119\u017caj\u0105cej si\u0119 ku g\u00f3rze, eleganckiej formie, wykonany r\u0119cznie w Hucie Szk\u0142a Tarnowiec w latach 70. lub 80. XX wieku. Utrzymany w ciemnym, nasyconym odcieniu bordo z odgraniczonym granatowym rantem (unikatowe po\u0142\u0105czenie kilku warstw szk\u0142a), z dekoracyjnymi, przejrzystymi uchwytami po bokach \u2013 charakterystycznymi dla tej [&hellip;]<\/p>","protected":false},"featured_media":1069,"comment_status":"open","ping_status":"closed","template":"","meta":[],"product_brand":[],"product_cat":[115],"product_tag":[402,401,403,400],"class_list":{"0":"post-1137","1":"product","2":"type-product","3":"status-publish","4":"has-post-thumbnail","6":"product_cat-wazony","7":"product_tag-prl","8":"product_tag-szklo","9":"product_tag-vintage","10":"product_tag-wazon","12":"first","13":"instock","14":"sold-individually","15":"purchasable","16":"product-type-simple"},"acf":[],"_links":{"self":[{"href":"https:\/\/collectiveq.pl\/en\/wp-json\/wp\/v2\/product\/1137","targetHints":{"allow":["GET"]}}],"collection":[{"href":"https:\/\/collectiveq.pl\/en\/wp-json\/wp\/v2\/product"}],"about":[{"href":"https:\/\/collectiveq.pl\/en\/wp-json\/wp\/v2\/types\/product"}],"replies":[{"embeddable":true,"href":"https:\/\/collectiveq.pl\/en\/wp-json\/wp\/v2\/comments?post=1137"}],"wp:featuredmedia":[{"embeddable":true,"href":"https:\/\/collectiveq.pl\/en\/wp-json\/wp\/v2\/media\/1069"}],"wp:attachment":[{"href":"https:\/\/collectiveq.pl\/en\/wp-json\/wp\/v2\/media?parent=1137"}],"wp:term":[{"taxonomy":"product_brand","embeddable":true,"href":"https:\/\/collectiveq.pl\/en\/wp-json\/wp\/v2\/product_brand?post=1137"},{"taxonomy":"product_cat","embeddable":true,"href":"https:\/\/collectiveq.pl\/en\/wp-json\/wp\/v2\/product_cat?post=1137"},{"taxonomy":"product_tag","embeddable":true,"href":"https:\/\/collectiveq.pl\/en\/wp-json\/wp\/v2\/product_tag?post=1137"}],"curies":[{"name":"wp","href":"https:\/\/api.w.org\/{rel}","templated":true}]}}