{"id":1534,"date":"2025-08-31T11:54:06","date_gmt":"2025-08-31T09:54:06","guid":{"rendered":"https:\/\/collectiveq.pl\/?post_type=product&#038;p=1534"},"modified":"2025-08-31T12:03:01","modified_gmt":"2025-08-31T10:03:01","slug":"cytrynowa-szkatulka-vintage-bohemia","status":"publish","type":"product","link":"https:\/\/collectiveq.pl\/en\/product\/cytrynowa-szkatulka-vintage-bohemia\/","title":{"rendered":"Lemon casket vintage Bohemia"},"content":{"rendered":"<p>Vintage Bohemia casket - yellow pressed glass<\/p>\n<p>A unique casket from the 1970s\/80s, made of thick, tinted pressed glass in a shade of sunny yellow. It was made at Bohemia glassworks in the Czech Republic, known for its high quality design of utility glass. The classic geometric pattern gives it an elegant and decorative touch - the light refracts beautifully on the surface, creating a play of light and shadows.<\/p>\n<p>It will be perfect as a container for jewelry, trinkets or as part of a stylish interior design. With its timeless design and color scheme, it fits both retro-style spaces and modern, minimalist interiors.<\/p>\n<p>A collector's copy - an original vintage item.<\/p>\n<p>Product Features:<br \/>\nOrigin: Bohemia Glassworks, Czechoslovakia<br \/>\nCreation time: 1970s\/80s.<br \/>\nMaterial: colored glass, pressed<br \/>\nStyle: vintage, retro, modern classic<br \/>\nColor: yellow, transparent<br \/>\nDimensions: approx. 12 \u00d7 9 \u00d7 6 cm<br \/>\nCondition: very good, glass without damage; there may be natural signs of use related to the age of the object<\/p>\n<p>This is a vintage item, which means that it may bear normal signs of use due to the passage of time. These are natural for this type of item and add to its unique character.<\/p>","protected":false},"excerpt":{"rendered":"<p>Szkatu\u0142ka vintage Bohemia \u2013 \u017c\u00f3\u0142te prasowane szk\u0142o Unikatowa szkatu\u0142ka z lat 70.\/80., wykonana z grubego, barwionego szk\u0142a prasowanego w odcieniu s\u0142onecznej \u017c\u00f3\u0142ci. Powsta\u0142a w czeskiej hucie szk\u0142a Bohemia, znanej z wysokiej jako\u015bci wzornictwa szk\u0142a u\u017cytkowego. Klasyczny geometryczny wz\u00f3r nadaje jej elegancji i dekoracyjnego charakteru \u2013 \u015bwiat\u0142o pi\u0119knie za\u0142amuje si\u0119 na powierzchni, tworz\u0105c efekt gry \u015bwiate\u0142 [&hellip;]<\/p>","protected":false},"featured_media":1551,"comment_status":"open","ping_status":"closed","template":"","meta":[],"product_brand":[],"product_cat":[113,170],"product_tag":[],"class_list":{"0":"post-1534","1":"product","2":"type-product","3":"status-publish","4":"has-post-thumbnail","6":"product_cat-dekoracje","7":"product_cat-kobiety","9":"first","10":"instock","11":"purchasable","12":"product-type-simple"},"acf":[],"_links":{"self":[{"href":"https:\/\/collectiveq.pl\/en\/wp-json\/wp\/v2\/product\/1534","targetHints":{"allow":["GET"]}}],"collection":[{"href":"https:\/\/collectiveq.pl\/en\/wp-json\/wp\/v2\/product"}],"about":[{"href":"https:\/\/collectiveq.pl\/en\/wp-json\/wp\/v2\/types\/product"}],"replies":[{"embeddable":true,"href":"https:\/\/collectiveq.pl\/en\/wp-json\/wp\/v2\/comments?post=1534"}],"wp:featuredmedia":[{"embeddable":true,"href":"https:\/\/collectiveq.pl\/en\/wp-json\/wp\/v2\/media\/1551"}],"wp:attachment":[{"href":"https:\/\/collectiveq.pl\/en\/wp-json\/wp\/v2\/media?parent=1534"}],"wp:term":[{"taxonomy":"product_brand","embeddable":true,"href":"https:\/\/collectiveq.pl\/en\/wp-json\/wp\/v2\/product_brand?post=1534"},{"taxonomy":"product_cat","embeddable":true,"href":"https:\/\/collectiveq.pl\/en\/wp-json\/wp\/v2\/product_cat?post=1534"},{"taxonomy":"product_tag","embeddable":true,"href":"https:\/\/collectiveq.pl\/en\/wp-json\/wp\/v2\/product_tag?post=1534"}],"curies":[{"name":"wp","href":"https:\/\/api.w.org\/{rel}","templated":true}]}}