{"id":1553,"date":"2025-08-31T11:57:28","date_gmt":"2025-08-31T09:57:28","guid":{"rendered":"https:\/\/collectiveq.pl\/?post_type=product&#038;p=1553"},"modified":"2025-08-31T13:08:43","modified_gmt":"2025-08-31T11:08:43","slug":"kobaltowa-bomboniera-hsg-zabkowice","status":"publish","type":"product","link":"https:\/\/collectiveq.pl\/en\/product\/kobaltowa-bomboniera-hsg-zabkowice\/","title":{"rendered":"Cobalt box of chocolates HSG Z\u0105bkowice"},"content":{"rendered":"<p>Vintage casket - blue pressed glass<\/p>\n<p>Decorative casket from the 1970s\/80s, made of stained glass in an intense blue color. Its distinctive form with a decorative handle and deep embossed pattern give it a unique charm. The transparency and the way the glass refracts light make the casket look beautiful in daylight - both as a container and as a decorative piece on its own.<\/p>\n<p>It will work well as a box for jewelry, small cosmetics or sweets, but also as a unique accent on a dresser, dressing table or in the bathroom.<\/p>\n<p>Product Features:<br \/>\nOrigin: Z\u0105bkowice Glassworks<br \/>\nCreation time: 1970s\/80s.<br \/>\nMaterial: colored glass, pressed<br \/>\nStyle: communist, retro, modern vintage<br \/>\nColor: blue \/ cool blue, transparent<br \/>\nDimensions: about 10 \u00d7 10 \u00d7 13 cm (with lid).<br \/>\nCondition: very good, no damage<\/p>\n<p>This is a vintage item, which means that it may bear normal signs of use due to the passage of time. These are natural for this type of item and add to its unique character.<\/p>\n<p>&nbsp;<\/p>","protected":false},"excerpt":{"rendered":"<p>Szkatu\u0142ka vintage \u2013 niebieskie szk\u0142o prasowane Dekoracyjna szkatu\u0142ka z lat 70.\/80., wykonana z barwionego szk\u0142a w intensywnym b\u0142\u0119kitnym kolorze. Charakterystyczna forma z dekoracyjnym uchwytem oraz g\u0142\u0119boki t\u0142oczony wz\u00f3r nadaj\u0105 jej wyj\u0105tkowego uroku. Przezroczysto\u015b\u0107 i spos\u00f3b, w jaki szk\u0142o za\u0142amuje \u015bwiat\u0142o, sprawiaj\u0105, \u017ce szkatu\u0142ka pi\u0119knie prezentuje si\u0119 w \u015bwietle dziennym \u2013 zar\u00f3wno jako pojemnik, jak i [&hellip;]<\/p>","protected":false},"featured_media":1545,"comment_status":"open","ping_status":"closed","template":"","meta":[],"product_brand":[],"product_cat":[113],"product_tag":[],"class_list":{"0":"post-1553","1":"product","2":"type-product","3":"status-publish","4":"has-post-thumbnail","6":"product_cat-dekoracje","8":"first","9":"instock","10":"purchasable","11":"product-type-simple"},"acf":[],"_links":{"self":[{"href":"https:\/\/collectiveq.pl\/en\/wp-json\/wp\/v2\/product\/1553","targetHints":{"allow":["GET"]}}],"collection":[{"href":"https:\/\/collectiveq.pl\/en\/wp-json\/wp\/v2\/product"}],"about":[{"href":"https:\/\/collectiveq.pl\/en\/wp-json\/wp\/v2\/types\/product"}],"replies":[{"embeddable":true,"href":"https:\/\/collectiveq.pl\/en\/wp-json\/wp\/v2\/comments?post=1553"}],"wp:featuredmedia":[{"embeddable":true,"href":"https:\/\/collectiveq.pl\/en\/wp-json\/wp\/v2\/media\/1545"}],"wp:attachment":[{"href":"https:\/\/collectiveq.pl\/en\/wp-json\/wp\/v2\/media?parent=1553"}],"wp:term":[{"taxonomy":"product_brand","embeddable":true,"href":"https:\/\/collectiveq.pl\/en\/wp-json\/wp\/v2\/product_brand?post=1553"},{"taxonomy":"product_cat","embeddable":true,"href":"https:\/\/collectiveq.pl\/en\/wp-json\/wp\/v2\/product_cat?post=1553"},{"taxonomy":"product_tag","embeddable":true,"href":"https:\/\/collectiveq.pl\/en\/wp-json\/wp\/v2\/product_tag?post=1553"}],"curies":[{"name":"wp","href":"https:\/\/api.w.org\/{rel}","templated":true}]}}