{"id":1554,"date":"2025-08-31T12:00:54","date_gmt":"2025-08-31T10:00:54","guid":{"rendered":"https:\/\/collectiveq.pl\/?post_type=product&#038;p=1554"},"modified":"2025-08-31T12:01:40","modified_gmt":"2025-08-31T10:01:40","slug":"bursztynowa-szkatulka-vintage-bohemia","status":"publish","type":"product","link":"https:\/\/collectiveq.pl\/en\/product\/bursztynowa-szkatulka-vintage-bohemia\/","title":{"rendered":"Amber casket vintage Bohemia"},"content":{"rendered":"<p>Vintage Bohemia casket - amber faceted glass<\/p>\n<p>Elegant vintage casket made of thick, tinted glass in an intense amber hue. The body and lid have a geometric, faceted shape, which is reminiscent of crystal forms - the light reflects off the numerous cuts, creating beautiful reflections. Attention is also drawn to the massive polyhedron-shaped handle, which adds a noble expression to the object.<\/p>\n<p>It probably comes from the Czechoslovakian glassworks Bohemia - a renowned manufacturer of 20th century functional and decorative glass.<\/p>\n<p>Ideal for storing jewelry, trinkets or as a decorative accent on a dresser, in a bathroom or bedroom.<\/p>\n<p>Product Features:<br \/>\nOrigin: probably Bohemia Glassworks, Czechoslovakia<br \/>\nCreation time: 1970s\/80s.<br \/>\nMaterial: colored glass, pressed \/ polished<br \/>\nStyle: vintage, modernist, retro<br \/>\nColor: amber \/ honey transparent<br \/>\nDimensions: about 11 \u00d7 11 \u00d7 12 cm (with lid).<br \/>\nCondition: very good, no damage<\/p>\n<p>This is a vintage item, which means that it may bear normal signs of use due to the passage of time. These are natural for this type of item and add to its unique character.<\/p>","protected":false},"excerpt":{"rendered":"<p>Szkatu\u0142ka vintage Bohemia \u2013 bursztynowe szk\u0142o fasetowane Elegancka szkatu\u0142ka vintage wykonana z grubego, barwionego szk\u0142a w intensywnym, bursztynowym odcieniu. Korpus i pokrywka maj\u0105 geometryczny, fasetowany kszta\u0142t, kt\u00f3ry przywodzi na my\u015bl kryszta\u0142owe formy \u2013 \u015bwiat\u0142o odbija si\u0119 od licznych szlif\u00f3w, tworz\u0105c pi\u0119kne refleksy. Uwag\u0119 przyci\u0105ga tak\u017ce masywny uchwyt w kszta\u0142cie wielo\u015bcianu, kt\u00f3ry dodaje przedmiotowi szlachetnego wyrazu. [&hellip;]<\/p>","protected":false},"featured_media":1546,"comment_status":"open","ping_status":"closed","template":"","meta":[],"product_brand":[],"product_cat":[113,170],"product_tag":[],"class_list":{"0":"post-1554","1":"product","2":"type-product","3":"status-publish","4":"has-post-thumbnail","6":"product_cat-dekoracje","7":"product_cat-kobiety","9":"first","10":"instock","11":"purchasable","12":"product-type-simple"},"acf":[],"_links":{"self":[{"href":"https:\/\/collectiveq.pl\/en\/wp-json\/wp\/v2\/product\/1554","targetHints":{"allow":["GET"]}}],"collection":[{"href":"https:\/\/collectiveq.pl\/en\/wp-json\/wp\/v2\/product"}],"about":[{"href":"https:\/\/collectiveq.pl\/en\/wp-json\/wp\/v2\/types\/product"}],"replies":[{"embeddable":true,"href":"https:\/\/collectiveq.pl\/en\/wp-json\/wp\/v2\/comments?post=1554"}],"wp:featuredmedia":[{"embeddable":true,"href":"https:\/\/collectiveq.pl\/en\/wp-json\/wp\/v2\/media\/1546"}],"wp:attachment":[{"href":"https:\/\/collectiveq.pl\/en\/wp-json\/wp\/v2\/media?parent=1554"}],"wp:term":[{"taxonomy":"product_brand","embeddable":true,"href":"https:\/\/collectiveq.pl\/en\/wp-json\/wp\/v2\/product_brand?post=1554"},{"taxonomy":"product_cat","embeddable":true,"href":"https:\/\/collectiveq.pl\/en\/wp-json\/wp\/v2\/product_cat?post=1554"},{"taxonomy":"product_tag","embeddable":true,"href":"https:\/\/collectiveq.pl\/en\/wp-json\/wp\/v2\/product_tag?post=1554"}],"curies":[{"name":"wp","href":"https:\/\/api.w.org\/{rel}","templated":true}]}}