{"id":1555,"date":"2025-08-31T12:20:57","date_gmt":"2025-08-31T10:20:57","guid":{"rendered":"https:\/\/collectiveq.pl\/?post_type=product&#038;p=1555"},"modified":"2025-08-31T12:20:57","modified_gmt":"2025-08-31T10:20:57","slug":"krysztalowa-szkatulka-o-diamentowym-szlifie-huta-violetta","status":"publish","type":"product","link":"https:\/\/collectiveq.pl\/en\/product\/krysztalowa-szkatulka-o-diamentowym-szlifie-huta-violetta\/","title":{"rendered":"Crystal casket with diamond cut, Violetta Ironworks"},"content":{"rendered":"<p>Vintage casket Violetta glassworks - crystal cut glass<\/p>\n<p>Elegant vintage casket made of thick crystal glass with a rich geometric cut. The body and lid are decorated with an intricate pattern in the form of rhombuses and teardrops, which beautifully refract the light, creating striking reflections. The whole set looks noble and classy, being a perfect example of the craftsmanship of the Polish glassworks.<\/p>\n<p>It comes from the Violetta Glassworks - one of the most famous crystal glass manufacturers in Poland, operating since the 19th century.<\/p>\n<p>Ideal for storing jewelry, trinkets or as a decorative piece on a dressing table, dresser or in the living room.<\/p>\n<p>Product Features:<\/p>\n<p>Origin: Violetta Steelworks, Poland<\/p>\n<p>Time of creation: the second half of the 20th century.<\/p>\n<p>Material: crystal glass, polished<\/p>\n<p>Style: vintage, classic<\/p>\n<p>Color: clear, transparent<\/p>\n<p>Dimensions: about 10 \u00d7 10 \u00d7 8 cm (with lid).<\/p>\n<p>Condition: very good<\/p>\n<p>This is a vintage item, which means that it may bear normal signs of use due to the passage of time. These are natural for this type of item and add to its unique character.<\/p>","protected":false},"excerpt":{"rendered":"<p>Szkatu\u0142ka vintage Huta Violetta \u2013 kryszta\u0142owe szk\u0142o szlifowane Elegancka szkatu\u0142ka vintage wykonana z grubego szk\u0142a kryszta\u0142owego o bogatym, geometrycznym szlifie. Korpus i pokrywka zdobione s\u0105 misternym wzorem w formie romb\u00f3w i \u0142ez, kt\u00f3re pi\u0119knie za\u0142amuj\u0105 \u015bwiat\u0142o, tworz\u0105c efektowne refleksy. Ca\u0142o\u015b\u0107 prezentuje si\u0119 szlachetnie i z klas\u0105, stanowi\u0105c doskona\u0142y przyk\u0142ad kunsztu polskiej huty szk\u0142a. Pochodzi z [&hellip;]<\/p>","protected":false},"featured_media":1548,"comment_status":"open","ping_status":"closed","template":"","meta":[],"product_brand":[],"product_cat":[113],"product_tag":[],"class_list":{"0":"post-1555","1":"product","2":"type-product","3":"status-publish","4":"has-post-thumbnail","6":"product_cat-dekoracje","8":"first","9":"instock","10":"purchasable","11":"product-type-simple"},"acf":[],"_links":{"self":[{"href":"https:\/\/collectiveq.pl\/en\/wp-json\/wp\/v2\/product\/1555","targetHints":{"allow":["GET"]}}],"collection":[{"href":"https:\/\/collectiveq.pl\/en\/wp-json\/wp\/v2\/product"}],"about":[{"href":"https:\/\/collectiveq.pl\/en\/wp-json\/wp\/v2\/types\/product"}],"replies":[{"embeddable":true,"href":"https:\/\/collectiveq.pl\/en\/wp-json\/wp\/v2\/comments?post=1555"}],"wp:featuredmedia":[{"embeddable":true,"href":"https:\/\/collectiveq.pl\/en\/wp-json\/wp\/v2\/media\/1548"}],"wp:attachment":[{"href":"https:\/\/collectiveq.pl\/en\/wp-json\/wp\/v2\/media?parent=1555"}],"wp:term":[{"taxonomy":"product_brand","embeddable":true,"href":"https:\/\/collectiveq.pl\/en\/wp-json\/wp\/v2\/product_brand?post=1555"},{"taxonomy":"product_cat","embeddable":true,"href":"https:\/\/collectiveq.pl\/en\/wp-json\/wp\/v2\/product_cat?post=1555"},{"taxonomy":"product_tag","embeddable":true,"href":"https:\/\/collectiveq.pl\/en\/wp-json\/wp\/v2\/product_tag?post=1555"}],"curies":[{"name":"wp","href":"https:\/\/api.w.org\/{rel}","templated":true}]}}