{"id":1556,"date":"2025-08-31T12:24:20","date_gmt":"2025-08-31T10:24:20","guid":{"rendered":"https:\/\/collectiveq.pl\/?post_type=product&#038;p=1556"},"modified":"2025-08-31T13:07:17","modified_gmt":"2025-08-31T11:07:17","slug":"transparentna-patera-kabaret-sahara-hsg-zabkowice","status":"publish","type":"product","link":"https:\/\/collectiveq.pl\/en\/product\/transparentna-patera-kabaret-sahara-hsg-zabkowice\/","title":{"rendered":"Transparent platter, cabaret Sahara HSG Z\u0105bkowice"},"content":{"rendered":"<p>Patera vintage Z\u0105bkowice - Sahara collection<\/p>\n<p>Vintage glass platter from the iconic Sahara series produced at the Z\u0105bkowice Glassworks, designed by Eryka Trzewik- Drost. It features a textured surface reminiscent of grainy sand and a geometric division into three sections, which give it a modernist, decorative character. The raw design and structured glass work beautifully with light, creating striking reflections.<\/p>\n<p>Dishes from the Sahara line are appreciated by collectors of design from the 70s and 80s, as well as those looking for unique vintage-style accessories.<\/p>\n<p>Ideal for serving snacks, fruit or as a decorative interior piece.<\/p>\n<p>Product Features:<\/p>\n<p>Origin: Z\u0105bkowice Glassworks, Poland<\/p>\n<p>Design: Eryka Trzewik-Drost<\/p>\n<p>Series: Sahara<\/p>\n<p>Creation time: 1970s.<\/p>\n<p>Material: pressed glass, structural<\/p>\n<p>Style: vintage, modernist, retro<\/p>\n<p>Color: clear, transparent<\/p>\n<p>Dimensions: diameter of about 25 cm<\/p>\n<p>Condition: very good<\/p>\n<p>This is a vintage item, which means that it may bear normal signs of use due to the passage of time. These are natural for this type of item and add to its unique character.<\/p>","protected":false},"excerpt":{"rendered":"<p>Patera vintage Z\u0105bkowice \u2013 kolekcja Sahara Szklana patera vintage z kultowej serii Sahara produkowanej w Hucie Szk\u0142a Z\u0105bkowice wed\u0142ug projektu Eryki Trzewik- Drost. Charakteryzuje si\u0119 fakturowan\u0105 powierzchni\u0105 przypominaj\u0105c\u0105 ziarnisty piasek oraz geometrycznym podzia\u0142em na trzy sekcje, kt\u00f3re nadaj\u0105 jej modernistyczny, dekoracyjny charakter. Surowe wzornictwo i strukturalne szk\u0142o pi\u0119knie wsp\u00f3\u0142graj\u0105 ze \u015bwiat\u0142em, tworz\u0105c efektowne refleksy. Naczynia [&hellip;]<\/p>","protected":false},"featured_media":1539,"comment_status":"open","ping_status":"closed","template":"","meta":[],"product_brand":[],"product_cat":[138,113],"product_tag":[],"class_list":{"0":"post-1556","1":"product","2":"type-product","3":"status-publish","4":"has-post-thumbnail","6":"product_cat-akcesoria-kuchenne","7":"product_cat-dekoracje","9":"first","10":"instock","11":"purchasable","12":"product-type-simple"},"acf":[],"_links":{"self":[{"href":"https:\/\/collectiveq.pl\/en\/wp-json\/wp\/v2\/product\/1556","targetHints":{"allow":["GET"]}}],"collection":[{"href":"https:\/\/collectiveq.pl\/en\/wp-json\/wp\/v2\/product"}],"about":[{"href":"https:\/\/collectiveq.pl\/en\/wp-json\/wp\/v2\/types\/product"}],"replies":[{"embeddable":true,"href":"https:\/\/collectiveq.pl\/en\/wp-json\/wp\/v2\/comments?post=1556"}],"wp:featuredmedia":[{"embeddable":true,"href":"https:\/\/collectiveq.pl\/en\/wp-json\/wp\/v2\/media\/1539"}],"wp:attachment":[{"href":"https:\/\/collectiveq.pl\/en\/wp-json\/wp\/v2\/media?parent=1556"}],"wp:term":[{"taxonomy":"product_brand","embeddable":true,"href":"https:\/\/collectiveq.pl\/en\/wp-json\/wp\/v2\/product_brand?post=1556"},{"taxonomy":"product_cat","embeddable":true,"href":"https:\/\/collectiveq.pl\/en\/wp-json\/wp\/v2\/product_cat?post=1556"},{"taxonomy":"product_tag","embeddable":true,"href":"https:\/\/collectiveq.pl\/en\/wp-json\/wp\/v2\/product_tag?post=1556"}],"curies":[{"name":"wp","href":"https:\/\/api.w.org\/{rel}","templated":true}]}}