{"id":1557,"date":"2025-08-31T12:34:37","date_gmt":"2025-08-31T10:34:37","guid":{"rendered":"https:\/\/collectiveq.pl\/?post_type=product&#038;p=1557"},"modified":"2025-08-31T13:05:48","modified_gmt":"2025-08-31T11:05:48","slug":"zestaw-rozalinowych-talerzykow-cora-hsg-zabkowice","status":"publish","type":"product","link":"https:\/\/collectiveq.pl\/en\/product\/zestaw-rozalinowych-talerzykow-cora-hsg-zabkowice\/","title":{"rendered":"Set of rozalin plates \"Cora\" HSG Z\u0105bkowice"},"content":{"rendered":"<p>Dessert plates set \"Cora\" - Z\u0105bkowice Economic Glassworks, design by Eryka Trzewik-Drost.<\/p>\n<p>A set of glass plates from the Cora series, designed by Eryka Trzewik-Drost and produced at the Z\u0105bkowice Economic Glassworks. Each plate is made using the pressed glass technique, with a distinctive structural texture and elegant pattern that subtly breaks the light and adds a luxurious, decorative touch to the item. The amber color interacts beautifully with the light, creating striking reflections.<\/p>\n<p>Product Features:<\/p>\n<p>Origin: Z\u0105bkowice Economic Glassworks, Poland<\/p>\n<p>Design: Eryka Trzewik-Drost<\/p>\n<p>Series: Cora<\/p>\n<p>Technique: pressed, textured glass<\/p>\n<p>Creation time: 1970s.<\/p>\n<p>Dimensions: diameter about 17-18 cm (each plate) plus a large plate 24 cm.<\/p>\n<p>Condition: very good<\/p>\n<p>Utility Description:<br \/>\nAesthetic and stylish plates, ideal for serving desserts, cakes or fruit. They will also work great as a designer decorative accent in the kitchen and dining room.<\/p>\n<p>Note vintage:<br \/>\nThis is a vintage item, which means that it may bear natural signs of use due to the passage of time. These are natural for this type of item and add to its unique character.<\/p>","protected":false},"excerpt":{"rendered":"<p>Talerzyki deserowe zestaw \u201eCora\u201d \u2013 Huta Szk\u0142a Gospodarczego Z\u0105bkowice, projekt Eryka Trzewik-Drost Zestaw szklanych talerzyk\u00f3w z serii Cora, zaprojektowanej przez Eryk\u0119 Trzewik-Drost i produkowanej w Hucie Szk\u0142a Gospodarczego Z\u0105bkowice. Ka\u017cdy talerzyk wykonano w technice szk\u0142a prasowanego, z charakterystyczn\u0105 strukturaln\u0105 faktur\u0105 i eleganckim wzorem, kt\u00f3ry subtelnie \u0142amie \u015bwiat\u0142o i dodaje przedmiotowi luksusowego, dekoracyjnego charakteru. Kolor bursztynowy [&hellip;]<\/p>","protected":false},"featured_media":1538,"comment_status":"open","ping_status":"closed","template":"","meta":[],"product_brand":[],"product_cat":[138,113],"product_tag":[],"class_list":{"0":"post-1557","1":"product","2":"type-product","3":"status-publish","4":"has-post-thumbnail","6":"product_cat-akcesoria-kuchenne","7":"product_cat-dekoracje","9":"first","10":"instock","11":"purchasable","12":"product-type-simple"},"acf":[],"_links":{"self":[{"href":"https:\/\/collectiveq.pl\/en\/wp-json\/wp\/v2\/product\/1557","targetHints":{"allow":["GET"]}}],"collection":[{"href":"https:\/\/collectiveq.pl\/en\/wp-json\/wp\/v2\/product"}],"about":[{"href":"https:\/\/collectiveq.pl\/en\/wp-json\/wp\/v2\/types\/product"}],"replies":[{"embeddable":true,"href":"https:\/\/collectiveq.pl\/en\/wp-json\/wp\/v2\/comments?post=1557"}],"wp:featuredmedia":[{"embeddable":true,"href":"https:\/\/collectiveq.pl\/en\/wp-json\/wp\/v2\/media\/1538"}],"wp:attachment":[{"href":"https:\/\/collectiveq.pl\/en\/wp-json\/wp\/v2\/media?parent=1557"}],"wp:term":[{"taxonomy":"product_brand","embeddable":true,"href":"https:\/\/collectiveq.pl\/en\/wp-json\/wp\/v2\/product_brand?post=1557"},{"taxonomy":"product_cat","embeddable":true,"href":"https:\/\/collectiveq.pl\/en\/wp-json\/wp\/v2\/product_cat?post=1557"},{"taxonomy":"product_tag","embeddable":true,"href":"https:\/\/collectiveq.pl\/en\/wp-json\/wp\/v2\/product_tag?post=1557"}],"curies":[{"name":"wp","href":"https:\/\/api.w.org\/{rel}","templated":true}]}}