{"id":1559,"date":"2025-08-31T12:42:05","date_gmt":"2025-08-31T10:42:05","guid":{"rendered":"https:\/\/collectiveq.pl\/?post_type=product&#038;p=1559"},"modified":"2025-08-31T13:04:16","modified_gmt":"2025-08-31T11:04:16","slug":"kobaltowy-mlecznik-dzbanuszek-hsg-zabkowice","status":"publish","type":"product","link":"https:\/\/collectiveq.pl\/en\/product\/kobaltowy-mlecznik-dzbanuszek-hsg-zabkowice\/","title":{"rendered":"Cobalt creamer, jug HSG Z\u0105bkowice"},"content":{"rendered":"<p>Vintage creamer - Ludwik Fiedorowicz, HSG Z\u0105bkowice<\/p>\n<p>Cobalt jug designed by Ludwik Fiedorowicz at the Z\u0105bkowice Economic Glassworks. Made of glass dyed an intense cobalt color, with contrasting colorless handles. The simple, functional form and saturated glass shade give them a timeless charm.<\/p>\n<p>Product Features:<\/p>\n<p>Design: Ludwik Fiedorowicz<\/p>\n<p>Origin: HSG Z\u0105bkowice, Poland<\/p>\n<p>Creation time: 1970s-80s.<\/p>\n<p>Material: glass colored in the mass (cobalt), hand-molded<\/p>\n<p>Style: vintage, modernist<\/p>\n<p>Color: cobalt blue with a clear handle<\/p>\n<p>Dimensions: height about 12-13 cm<\/p>\n<p>Condition: very good<\/p>\n<p>Utility Description:<br \/>\nIdeal for serving water, juice or milk, they will also work well as a decorative table centerpiece or original flower vases.<\/p>\n<p>The price is for 1 piece.<\/p>\n<p>Note vintage:<br \/>\nThis is a vintage item, which means that it may bear natural signs of use due to the passage of time. These are natural for this type of item and add to its unique character.<\/p>","protected":false},"excerpt":{"rendered":"<p>Mlecznik vintage \u2013 Ludwik Fiedorowicz, HSG Z\u0105bkowice Kobaltowy dzbanuszek zaprojektowany przez Ludwika Fiedorowicza w Hucie Szk\u0142a Gospodarczego Z\u0105bkowice. Wykonany ze szk\u0142a barwionego w masie na intensywny kobaltowy kolor, z kontrastuj\u0105cymi, bezbarwnymi uchwytami. Prosta, funkcjonalna forma i nasycony odcie\u0144 szk\u0142a nadaj\u0105 im ponadczasowego uroku. Cechy produktu: Projekt: Ludwik Fiedorowicz Pochodzenie: HSG Z\u0105bkowice, Polska Czas powstania: lata [&hellip;]<\/p>","protected":false},"featured_media":1544,"comment_status":"open","ping_status":"closed","template":"","meta":[],"product_brand":[],"product_cat":[113,115],"product_tag":[],"class_list":{"0":"post-1559","1":"product","2":"type-product","3":"status-publish","4":"has-post-thumbnail","6":"product_cat-dekoracje","7":"product_cat-wazony","9":"first","10":"instock","11":"purchasable","12":"product-type-simple"},"acf":[],"_links":{"self":[{"href":"https:\/\/collectiveq.pl\/en\/wp-json\/wp\/v2\/product\/1559","targetHints":{"allow":["GET"]}}],"collection":[{"href":"https:\/\/collectiveq.pl\/en\/wp-json\/wp\/v2\/product"}],"about":[{"href":"https:\/\/collectiveq.pl\/en\/wp-json\/wp\/v2\/types\/product"}],"replies":[{"embeddable":true,"href":"https:\/\/collectiveq.pl\/en\/wp-json\/wp\/v2\/comments?post=1559"}],"wp:featuredmedia":[{"embeddable":true,"href":"https:\/\/collectiveq.pl\/en\/wp-json\/wp\/v2\/media\/1544"}],"wp:attachment":[{"href":"https:\/\/collectiveq.pl\/en\/wp-json\/wp\/v2\/media?parent=1559"}],"wp:term":[{"taxonomy":"product_brand","embeddable":true,"href":"https:\/\/collectiveq.pl\/en\/wp-json\/wp\/v2\/product_brand?post=1559"},{"taxonomy":"product_cat","embeddable":true,"href":"https:\/\/collectiveq.pl\/en\/wp-json\/wp\/v2\/product_cat?post=1559"},{"taxonomy":"product_tag","embeddable":true,"href":"https:\/\/collectiveq.pl\/en\/wp-json\/wp\/v2\/product_tag?post=1559"}],"curies":[{"name":"wp","href":"https:\/\/api.w.org\/{rel}","templated":true}]}}