{"id":1560,"date":"2025-08-31T12:51:29","date_gmt":"2025-08-31T10:51:29","guid":{"rendered":"https:\/\/collectiveq.pl\/?post_type=product&#038;p=1560"},"modified":"2025-08-31T13:05:09","modified_gmt":"2025-08-31T11:05:09","slug":"para-swiecznikow-rozalinowych-hsg-zabkowice","status":"publish","type":"product","link":"https:\/\/collectiveq.pl\/en\/product\/para-swiecznikow-rozalinowych-hsg-zabkowice\/","title":{"rendered":"Pair of rozalin candlesticks HSG Z\u0105bkowice"},"content":{"rendered":"<p>Vintage candlesticks - pressed glass, HSG Z\u0105bkowice<\/p>\n<p>A pair of candle holders made of pressed glass in a delicate pink shade. The slender form with decorative spiral grooves and a wide, stable base make the candlesticks look elegant and eye-catching. The upper bowl with an embossed shell-like pattern beautifully displays the candle and completes the overall decorative effect.<\/p>\n<p>Ideal as an ornament for a table, dresser or dressing table - in duo they create a striking composition in a retro climate.<\/p>\n<p>Product Features:<\/p>\n<p>Origin: Z\u0105bkowice Economic Glassworks, Poland<\/p>\n<p>Design: probably Eryka Trzewik-Drost<\/p>\n<p>Creation time: 1970s.<\/p>\n<p>Material: pressed glass<\/p>\n<p>Style: vintage, retro, decorative<\/p>\n<p>Color: pink transparent<\/p>\n<p>Dimensions: height about 20 cm<\/p>\n<p>Condition: very good<\/p>\n<p>Note vintage:<br \/>\nThis is a vintage item, which means that it may bear natural signs of use due to the passage of time. These are natural for this type of item and add to its unique character.<\/p>","protected":false},"excerpt":{"rendered":"<p>\u015awieczniki vintage \u2013 szk\u0142o prasowane, HSG Z\u0105bkowice Para \u015bwiecznik\u00f3w wykonanych ze szk\u0142a prasowanego w delikatnym, r\u00f3\u017cowym odcieniu. Smuk\u0142a forma z dekoracyjnymi spiralnymi \u017c\u0142obieniami oraz szeroka, stabilna podstawa sprawiaj\u0105, \u017ce \u015bwieczniki prezentuj\u0105 si\u0119 elegancko i przyci\u0105gaj\u0105 uwag\u0119. G\u00f3rna misa z t\u0142oczonym wzorem przypominaj\u0105cym muszl\u0119 pi\u0119knie eksponuje \u015bwiec\u0119 i dope\u0142nia ca\u0142o\u015bciowego efektu dekoracyjnego. Idealne jako ozdoba sto\u0142u, [&hellip;]<\/p>","protected":false},"featured_media":1567,"comment_status":"open","ping_status":"closed","template":"","meta":[],"product_brand":[],"product_cat":[113,117],"product_tag":[],"class_list":{"0":"post-1560","1":"product","2":"type-product","3":"status-publish","4":"has-post-thumbnail","6":"product_cat-dekoracje","7":"product_cat-swiece-i-swieczniki","9":"first","10":"instock","11":"purchasable","12":"product-type-simple"},"acf":[],"_links":{"self":[{"href":"https:\/\/collectiveq.pl\/en\/wp-json\/wp\/v2\/product\/1560","targetHints":{"allow":["GET"]}}],"collection":[{"href":"https:\/\/collectiveq.pl\/en\/wp-json\/wp\/v2\/product"}],"about":[{"href":"https:\/\/collectiveq.pl\/en\/wp-json\/wp\/v2\/types\/product"}],"replies":[{"embeddable":true,"href":"https:\/\/collectiveq.pl\/en\/wp-json\/wp\/v2\/comments?post=1560"}],"wp:featuredmedia":[{"embeddable":true,"href":"https:\/\/collectiveq.pl\/en\/wp-json\/wp\/v2\/media\/1567"}],"wp:attachment":[{"href":"https:\/\/collectiveq.pl\/en\/wp-json\/wp\/v2\/media?parent=1560"}],"wp:term":[{"taxonomy":"product_brand","embeddable":true,"href":"https:\/\/collectiveq.pl\/en\/wp-json\/wp\/v2\/product_brand?post=1560"},{"taxonomy":"product_cat","embeddable":true,"href":"https:\/\/collectiveq.pl\/en\/wp-json\/wp\/v2\/product_cat?post=1560"},{"taxonomy":"product_tag","embeddable":true,"href":"https:\/\/collectiveq.pl\/en\/wp-json\/wp\/v2\/product_tag?post=1560"}],"curies":[{"name":"wp","href":"https:\/\/api.w.org\/{rel}","templated":true}]}}