{"id":1563,"date":"2025-08-31T12:59:48","date_gmt":"2025-08-31T10:59:48","guid":{"rendered":"https:\/\/collectiveq.pl\/?post_type=product&#038;p=1563"},"modified":"2025-08-31T13:04:45","modified_gmt":"2025-08-31T11:04:45","slug":"talerzyki-rozalinowe-vintage-muszle-hsg-zabkowice","status":"publish","type":"product","link":"https:\/\/collectiveq.pl\/en\/product\/talerzyki-rozalinowe-vintage-muszle-hsg-zabkowice\/","title":{"rendered":"Rosaline plates vintage \"Shells\" HSG Z\u0105bkowice"},"content":{"rendered":"<p>Vintage plates \"Shells\" - Eryka Trzewik-Drost, HSG Z\u0105bkowice<\/p>\n<p>A set of glass plates from the Shell series, designed by Eryka Trzewik-Drost at the Z\u0105bkowice Commercial Glassworks in the 1970s. The distinctive embossed texture in the form of radial grooves reminiscent of a shell gives them a decorative charm and makes the light refract beautifully on the glass surface. The version in a delicate pink shade looks exceptionally elegant and subtle.<\/p>\n<p>Ideal for desserts, cakes, fruit or as a decorative table feature.<\/p>\n<p>Product Features:<\/p>\n<p>Design: Eryka Trzewik-Drost<\/p>\n<p>Manufacturer: HSG Z\u0105bkowice, Poland<\/p>\n<p>Series: Shells<\/p>\n<p>Creation time: 1970s.<\/p>\n<p>Material: pressed glass<\/p>\n<p>Style: vintage, modernist, retro<\/p>\n<p>Color: pink transparent<\/p>\n<p>Dimensions: diameter about 18 cm (small plates) plus 24 cm (large plate).<\/p>\n<p>Condition: very good<\/p>\n<p>The set includes 4 small plates and one large plate.<\/p>\n<p>Note vintage:<br \/>\nThis is a vintage item, which means that it may bear natural signs of use due to the passage of time. These are natural for this type of item and add to its unique character.<\/p>","protected":false},"excerpt":{"rendered":"<p>Talerzyki vintage \u201eMuszle\u201d \u2013 Eryka Trzewik-Drost, HSG Z\u0105bkowice Zestaw szklanych talerzyk\u00f3w z serii Muszle, zaprojektowanej przez Eryk\u0119 Trzewik-Drost w Hucie Szk\u0142a Gospodarczego Z\u0105bkowice w latach 70. XX wieku. Charakterystyczna, t\u0142oczona faktura w formie promienistych \u017c\u0142obie\u0144 przywodz\u0105cych na my\u015bl muszl\u0119 nadaje im dekoracyjnego uroku i sprawia, \u017ce \u015bwiat\u0142o pi\u0119knie za\u0142amuje si\u0119 na powierzchni szk\u0142a. Wersja w [&hellip;]<\/p>","protected":false},"featured_media":1565,"comment_status":"open","ping_status":"closed","template":"","meta":[],"product_brand":[],"product_cat":[138,113],"product_tag":[],"class_list":{"0":"post-1563","1":"product","2":"type-product","3":"status-publish","4":"has-post-thumbnail","6":"product_cat-akcesoria-kuchenne","7":"product_cat-dekoracje","9":"first","10":"instock","11":"purchasable","12":"product-type-simple"},"acf":[],"_links":{"self":[{"href":"https:\/\/collectiveq.pl\/en\/wp-json\/wp\/v2\/product\/1563","targetHints":{"allow":["GET"]}}],"collection":[{"href":"https:\/\/collectiveq.pl\/en\/wp-json\/wp\/v2\/product"}],"about":[{"href":"https:\/\/collectiveq.pl\/en\/wp-json\/wp\/v2\/types\/product"}],"replies":[{"embeddable":true,"href":"https:\/\/collectiveq.pl\/en\/wp-json\/wp\/v2\/comments?post=1563"}],"wp:featuredmedia":[{"embeddable":true,"href":"https:\/\/collectiveq.pl\/en\/wp-json\/wp\/v2\/media\/1565"}],"wp:attachment":[{"href":"https:\/\/collectiveq.pl\/en\/wp-json\/wp\/v2\/media?parent=1563"}],"wp:term":[{"taxonomy":"product_brand","embeddable":true,"href":"https:\/\/collectiveq.pl\/en\/wp-json\/wp\/v2\/product_brand?post=1563"},{"taxonomy":"product_cat","embeddable":true,"href":"https:\/\/collectiveq.pl\/en\/wp-json\/wp\/v2\/product_cat?post=1563"},{"taxonomy":"product_tag","embeddable":true,"href":"https:\/\/collectiveq.pl\/en\/wp-json\/wp\/v2\/product_tag?post=1563"}],"curies":[{"name":"wp","href":"https:\/\/api.w.org\/{rel}","templated":true}]}}