{"id":1566,"date":"2025-08-31T14:03:42","date_gmt":"2025-08-31T12:03:42","guid":{"rendered":"https:\/\/collectiveq.pl\/?post_type=product&#038;p=1566"},"modified":"2025-08-31T14:06:06","modified_gmt":"2025-08-31T12:06:06","slug":"zestaw-talerzykow-deserowych-fala-hsg-zabkowice","status":"publish","type":"product","link":"https:\/\/collectiveq.pl\/en\/product\/zestaw-talerzykow-deserowych-fala-hsg-zabkowice\/","title":{"rendered":"Set of dessert plates \"Wave\" HSG Z\u0105bkowice"},"content":{"rendered":"<p>Set of vintage plates \"Wave\" - Eryka Trzewik-Drost, HSG Z\u0105bkowice<\/p>\n<p>A set of glass plates from the Wave series, designed by Eryka Trzewik-Drost in the 1970s and produced at the Z\u0105bkowice Economic Glassworks. The distinctive embossed pattern resembling a spider web gives them a unique, decorative form and makes the light spread beautifully across the glass surface. The version in an intense yellow color looks extremely impressive and energetic.<\/p>\n<p>Ideal for desserts, cakes, fruit, and as a strong decorative accent in the interior.<\/p>\n<p>Product Features:<\/p>\n<p>Design: Eryka Trzewik-Drost<\/p>\n<p>Manufacturer: Z\u0105bkowice Economic Glassworks, Poland<\/p>\n<p>Series: Wave<\/p>\n<p>Creation time: 1970s.<\/p>\n<p>Material: pressed glass, tinted in the mass<\/p>\n<p>Style: vintage, modernist, retro<\/p>\n<p>Color: transparent yellow<\/p>\n<p>Dimensions: dessert plates about 17 cm, large platter about 24 cm.<\/p>\n<p>Condition: very good<\/p>\n<p>Note vintage:<br \/>\nThis is a vintage item, which means that it may bear natural signs of use due to the passage of time. These are natural for this type of item and add to its unique character.<\/p>","protected":false},"excerpt":{"rendered":"<p>Komplet talerzyk\u00f3w vintage \u201eFala\u201d \u2013 Eryka Trzewik-Drost, HSG Z\u0105bkowice Zestaw szklanych talerzyk\u00f3w z serii Fala, zaprojektowanej przez Eryk\u0119 Trzewik-Drost w latach 70. XX wieku i produkowanej w Hucie Szk\u0142a Gospodarczego Z\u0105bkowice. Charakterystyczny, t\u0142oczony wz\u00f3r przypominaj\u0105cy paj\u0119cz\u0105 sie\u0107 nadaje im wyj\u0105tkowej, dekoracyjnej formy i sprawia, \u017ce \u015bwiat\u0142o pi\u0119knie rozchodzi si\u0119 po powierzchni szk\u0142a. Wersja w intensywnym, [&hellip;]<\/p>","protected":false},"featured_media":1568,"comment_status":"open","ping_status":"closed","template":"","meta":[],"product_brand":[],"product_cat":[138],"product_tag":[],"class_list":{"0":"post-1566","1":"product","2":"type-product","3":"status-publish","4":"has-post-thumbnail","6":"product_cat-akcesoria-kuchenne","8":"first","9":"instock","10":"purchasable","11":"product-type-simple"},"acf":[],"_links":{"self":[{"href":"https:\/\/collectiveq.pl\/en\/wp-json\/wp\/v2\/product\/1566","targetHints":{"allow":["GET"]}}],"collection":[{"href":"https:\/\/collectiveq.pl\/en\/wp-json\/wp\/v2\/product"}],"about":[{"href":"https:\/\/collectiveq.pl\/en\/wp-json\/wp\/v2\/types\/product"}],"replies":[{"embeddable":true,"href":"https:\/\/collectiveq.pl\/en\/wp-json\/wp\/v2\/comments?post=1566"}],"wp:featuredmedia":[{"embeddable":true,"href":"https:\/\/collectiveq.pl\/en\/wp-json\/wp\/v2\/media\/1568"}],"wp:attachment":[{"href":"https:\/\/collectiveq.pl\/en\/wp-json\/wp\/v2\/media?parent=1566"}],"wp:term":[{"taxonomy":"product_brand","embeddable":true,"href":"https:\/\/collectiveq.pl\/en\/wp-json\/wp\/v2\/product_brand?post=1566"},{"taxonomy":"product_cat","embeddable":true,"href":"https:\/\/collectiveq.pl\/en\/wp-json\/wp\/v2\/product_cat?post=1566"},{"taxonomy":"product_tag","embeddable":true,"href":"https:\/\/collectiveq.pl\/en\/wp-json\/wp\/v2\/product_tag?post=1566"}],"curies":[{"name":"wp","href":"https:\/\/api.w.org\/{rel}","templated":true}]}}